{"id":2219,"date":"2024-09-19T14:15:51","date_gmt":"2024-09-19T12:15:51","guid":{"rendered":"https:\/\/fotoverein-goldener-schnitt.de\/?page_id=2219"},"modified":"2025-09-28T08:46:56","modified_gmt":"2025-09-28T06:46:56","slug":"ausstellung-ratioland-2024-baunatal","status":"publish","type":"page","link":"https:\/\/fotoverein-goldener-schnitt.de\/?page_id=2219","title":{"rendered":"Ausstellung Ratio-Land 2025 Baunatal"},"content":{"rendered":"\t\t<div data-elementor-type=\"wp-page\" data-elementor-id=\"2219\" class=\"elementor elementor-2219\" data-elementor-post-type=\"page\">\n\t\t\t\t\t\t\t<div class=\"elementor-element elementor-element-a65b968 e-flex e-con-boxed e-con e-parent\" data-id=\"a65b968\" data-element_type=\"container\" data-settings=\"{&quot;content_width&quot;:&quot;boxed&quot;}\" data-core-v316-plus=\"true\">\n\t\t\t\t\t<div class=\"e-con-inner\">\n\t\t\t\t<div class=\"elementor-element elementor-element-55465aa1 elementor-widget elementor-widget-text-editor\" data-id=\"55465aa1\" data-element_type=\"widget\" data-widget_type=\"text-editor.default\">\n\t\t\t\t<div class=\"elementor-widget-container\">\n\t\t\t<style>\/*! elementor - v3.17.0 - 25-10-2023 *\/\n.elementor-widget-text-editor.elementor-drop-cap-view-stacked .elementor-drop-cap{background-color:#69727d;color:#fff}.elementor-widget-text-editor.elementor-drop-cap-view-framed .elementor-drop-cap{color:#69727d;border:3px solid;background-color:transparent}.elementor-widget-text-editor:not(.elementor-drop-cap-view-default) .elementor-drop-cap{margin-top:8px}.elementor-widget-text-editor:not(.elementor-drop-cap-view-default) .elementor-drop-cap-letter{width:1em;height:1em}.elementor-widget-text-editor .elementor-drop-cap{float:left;text-align:center;line-height:1;font-size:50px}.elementor-widget-text-editor .elementor-drop-cap-letter{display:inline-block}<\/style>\t\t\t\t<!-- wp:divi\/placeholder \/-->\t\t\t\t\t\t<\/div>\n\t\t\t\t<\/div>\n\t\t\t\t\t<\/div>\n\t\t\t\t<\/div>\n\t\t<div class=\"elementor-element elementor-element-0112caa e-flex e-con-boxed e-con e-parent\" data-id=\"0112caa\" data-element_type=\"container\" data-settings=\"{&quot;content_width&quot;:&quot;boxed&quot;}\" data-core-v316-plus=\"true\">\n\t\t\t\t\t<div class=\"e-con-inner\">\n\t\t<div class=\"elementor-element elementor-element-89e0187 e-con-full e-flex e-con e-child\" data-id=\"89e0187\" data-element_type=\"container\" data-settings=\"{&quot;content_width&quot;:&quot;full&quot;}\">\n\t\t\t\t<div class=\"elementor-element elementor-element-d875af0 elementor-widget elementor-widget-heading\" data-id=\"d875af0\" data-element_type=\"widget\" data-widget_type=\"heading.default\">\n\t\t\t\t<div class=\"elementor-widget-container\">\n\t\t\t<style>\/*! elementor - v3.17.0 - 25-10-2023 *\/\n.elementor-heading-title{padding:0;margin:0;line-height:1}.elementor-widget-heading .elementor-heading-title[class*=elementor-size-]>a{color:inherit;font-size:inherit;line-height:inherit}.elementor-widget-heading .elementor-heading-title.elementor-size-small{font-size:15px}.elementor-widget-heading .elementor-heading-title.elementor-size-medium{font-size:19px}.elementor-widget-heading .elementor-heading-title.elementor-size-large{font-size:29px}.elementor-widget-heading .elementor-heading-title.elementor-size-xl{font-size:39px}.elementor-widget-heading .elementor-heading-title.elementor-size-xxl{font-size:59px}<\/style><h2 class=\"elementor-heading-title elementor-size-default\">Ausstellung Ratio-Land 2025 Baunatal<\/h2>\t\t<\/div>\n\t\t\t\t<\/div>\n\t\t\t\t<div class=\"elementor-element elementor-element-3d47cb1 elementor-widget elementor-widget-text-editor\" data-id=\"3d47cb1\" data-element_type=\"widget\" data-widget_type=\"text-editor.default\">\n\t\t\t\t<div class=\"elementor-widget-container\">\n\t\t\t\t\t\t\t<p><b>Die Er\u00f6ffnung der FOTOAUSSTELLUNG im RatioLand in Baunatal ist am 22.10.2025 um 18:00 Uhr im Haupteingang.<\/b><\/p>\n<p><span style=\"font-size: 14px; font-family: var( --e-global-typography-text-font-family ), Sans-serif; text-align: var(--text-align);\">Nach der offiziellen Begr\u00fc\u00dfung durch die Vorsitzenden, gibt es im Anschluss die M\u00f6glichkeit, bei einem Rundgang durch die Ausstellung die Werke der K\u00fcnstler n\u00e4her zu betrachten und mit ihnen ins Gespr\u00e4ch zu kommen.<\/span><\/p>\n<p><small> Die Bilder sind bis 01.11.2025 sind w\u00e4hrend der \u00d6ffnungszeiten zu sehen.<\/small><\/p>\n<p><strong><small> Der Eintritt ist frei. <\/small><\/strong><\/p>\n<p><small>Diese Ausstellung bietet eine einzigartigen Einblick in die vielf\u00e4ltigen Ausdrucksformen und Technik der Fotografie von unseren neuen Fotografen und Fotografinnen aus unserem Kreis. <\/small><\/p>\n<p><small>Eine breite Palette von Stilen und Themen mit atemberaubenden Landschaften \u00fcber eindrucksvolle Portr\u00e4ts bis hin zu experimentellen Fotografien. <\/small><\/p>\n<p><small><b>E-Mail: goldener-schnitt1.Vors@t-online.de<br \/><\/b><\/small><small><b>Homepage: www.fotoverein-goldener-schnitt.de<\/b><\/small><\/p>\t\t\t\t\t\t<\/div>\n\t\t\t\t<\/div>\n\t\t\t\t<\/div>\n\t\t<div class=\"elementor-element elementor-element-2cf64f4 e-con-full e-flex e-con e-child\" data-id=\"2cf64f4\" data-element_type=\"container\" data-settings=\"{&quot;content_width&quot;:&quot;full&quot;}\">\n\t\t\t\t<div class=\"elementor-element elementor-element-254a145 elementor-widget elementor-widget-image\" data-id=\"254a145\" data-element_type=\"widget\" data-widget_type=\"image.default\">\n\t\t\t\t<div class=\"elementor-widget-container\">\n\t\t\t<style>\/*! elementor - v3.17.0 - 25-10-2023 *\/\n.elementor-widget-image{text-align:center}.elementor-widget-image a{display:inline-block}.elementor-widget-image a img[src$=\".svg\"]{width:48px}.elementor-widget-image img{vertical-align:middle;display:inline-block}<\/style>\t\t\t\t\t\t\t\t\t\t\t\t<img fetchpriority=\"high\" fetchpriority=\"high\" decoding=\"async\" width=\"724\" height=\"1024\" src=\"https:\/\/fotoverein-goldener-schnitt.de\/wp-content\/uploads\/2025\/09\/Plakat_Ratio_25_klein-724x1024.jpg\" class=\"attachment-large size-large wp-image-3274\" alt=\"\" \/>\t\t\t\t\t\t\t\t\t\t\t\t\t\t\t<\/div>\n\t\t\t\t<\/div>\n\t\t\t\t<\/div>\n\t\t\t\t\t<\/div>\n\t\t\t\t<\/div>\n\t\t\t\t\t\t\t<\/div>\n\t\t","protected":false},"excerpt":{"rendered":"<p>Ausstellung Ratio-Land 2025 Baunatal Die Er\u00f6ffnung der FOTOAUSSTELLUNG im RatioLand in Baunatal ist am 22.10.2025 um 18:00 Uhr im Haupteingang. Nach der offiziellen Begr\u00fc\u00dfung durch die Vorsitzenden, gibt es im Anschluss die M\u00f6glichkeit, bei einem Rundgang durch die Ausstellung die Werke der K\u00fcnstler n\u00e4her zu betrachten und mit ihnen ins Gespr\u00e4ch zu kommen. Die Bilder [&hellip;]<\/p>\n","protected":false},"author":1,"featured_media":3274,"parent":0,"menu_order":0,"comment_status":"closed","ping_status":"closed","template":"elementor_header_footer","meta":{"_et_pb_use_builder":"on","_et_pb_old_content":"","_et_gb_content_width":"","footnotes":""},"class_list":["post-2219","page","type-page","status-publish","has-post-thumbnail","hentry"],"_links":{"self":[{"href":"https:\/\/fotoverein-goldener-schnitt.de\/index.php?rest_route=\/wp\/v2\/pages\/2219","targetHints":{"allow":["GET"]}}],"collection":[{"href":"https:\/\/fotoverein-goldener-schnitt.de\/index.php?rest_route=\/wp\/v2\/pages"}],"about":[{"href":"https:\/\/fotoverein-goldener-schnitt.de\/index.php?rest_route=\/wp\/v2\/types\/page"}],"author":[{"embeddable":true,"href":"https:\/\/fotoverein-goldener-schnitt.de\/index.php?rest_route=\/wp\/v2\/users\/1"}],"replies":[{"embeddable":true,"href":"https:\/\/fotoverein-goldener-schnitt.de\/index.php?rest_route=%2Fwp%2Fv2%2Fcomments&post=2219"}],"version-history":[{"count":10,"href":"https:\/\/fotoverein-goldener-schnitt.de\/index.php?rest_route=\/wp\/v2\/pages\/2219\/revisions"}],"predecessor-version":[{"id":3281,"href":"https:\/\/fotoverein-goldener-schnitt.de\/index.php?rest_route=\/wp\/v2\/pages\/2219\/revisions\/3281"}],"wp:featuredmedia":[{"embeddable":true,"href":"https:\/\/fotoverein-goldener-schnitt.de\/index.php?rest_route=\/wp\/v2\/media\/3274"}],"wp:attachment":[{"href":"https:\/\/fotoverein-goldener-schnitt.de\/index.php?rest_route=%2Fwp%2Fv2%2Fmedia&parent=2219"}],"curies":[{"name":"wp","href":"https:\/\/api.w.org\/{rel}","templated":true}]}}