{"id":3046,"date":"2025-04-09T20:05:54","date_gmt":"2025-04-09T18:05:54","guid":{"rendered":"https:\/\/fotoverein-goldener-schnitt.de\/?page_id=3046"},"modified":"2025-04-09T22:03:35","modified_gmt":"2025-04-09T20:03:35","slug":"lightpainting-23","status":"publish","type":"page","link":"https:\/\/fotoverein-goldener-schnitt.de\/?page_id=3046","title":{"rendered":"Lightpainting 2+3"},"content":{"rendered":"\t\t<div data-elementor-type=\"wp-page\" data-elementor-id=\"3046\" class=\"elementor elementor-3046\" data-elementor-post-type=\"page\">\n\t\t\t\t\t\t\t<div class=\"elementor-element elementor-element-11d6ea2a e-flex e-con-boxed e-con e-parent\" data-id=\"11d6ea2a\" data-element_type=\"container\" data-settings=\"{&quot;content_width&quot;:&quot;boxed&quot;}\" data-core-v316-plus=\"true\">\n\t\t\t\t\t<div class=\"e-con-inner\">\n\t\t\t\t<div class=\"elementor-element elementor-element-11e69ba7 elementor-widget elementor-widget-text-editor\" data-id=\"11e69ba7\" data-element_type=\"widget\" data-widget_type=\"text-editor.default\">\n\t\t\t\t<div class=\"elementor-widget-container\">\n\t\t\t<style>\/*! elementor - v3.17.0 - 25-10-2023 *\/\n.elementor-widget-text-editor.elementor-drop-cap-view-stacked .elementor-drop-cap{background-color:#69727d;color:#fff}.elementor-widget-text-editor.elementor-drop-cap-view-framed .elementor-drop-cap{color:#69727d;border:3px solid;background-color:transparent}.elementor-widget-text-editor:not(.elementor-drop-cap-view-default) .elementor-drop-cap{margin-top:8px}.elementor-widget-text-editor:not(.elementor-drop-cap-view-default) .elementor-drop-cap-letter{width:1em;height:1em}.elementor-widget-text-editor .elementor-drop-cap{float:left;text-align:center;line-height:1;font-size:50px}.elementor-widget-text-editor .elementor-drop-cap-letter{display:inline-block}<\/style>\t\t\t\t<!-- wp:divi\/placeholder \/-->\t\t\t\t\t\t<\/div>\n\t\t\t\t<\/div>\n\t\t\t\t\t<\/div>\n\t\t\t\t<\/div>\n\t\t<div class=\"elementor-element elementor-element-43babcc e-flex e-con-boxed e-con e-parent\" data-id=\"43babcc\" data-element_type=\"container\" data-settings=\"{&quot;content_width&quot;:&quot;boxed&quot;}\" data-core-v316-plus=\"true\">\n\t\t\t\t\t<div class=\"e-con-inner\">\n\t\t\t\t<div class=\"elementor-element elementor-element-116bae5 elementor-widget elementor-widget-heading\" data-id=\"116bae5\" data-element_type=\"widget\" data-widget_type=\"heading.default\">\n\t\t\t\t<div class=\"elementor-widget-container\">\n\t\t\t<style>\/*! elementor - v3.17.0 - 25-10-2023 *\/\n.elementor-heading-title{padding:0;margin:0;line-height:1}.elementor-widget-heading .elementor-heading-title[class*=elementor-size-]>a{color:inherit;font-size:inherit;line-height:inherit}.elementor-widget-heading .elementor-heading-title.elementor-size-small{font-size:15px}.elementor-widget-heading .elementor-heading-title.elementor-size-medium{font-size:19px}.elementor-widget-heading .elementor-heading-title.elementor-size-large{font-size:29px}.elementor-widget-heading .elementor-heading-title.elementor-size-xl{font-size:39px}.elementor-widget-heading .elementor-heading-title.elementor-size-xxl{font-size:59px}<\/style><h2 class=\"elementor-heading-title elementor-size-default\">Lightpainting 2+3 2025<\/h2>\t\t<\/div>\n\t\t\t\t<\/div>\n\t\t\t\t\t<\/div>\n\t\t\t\t<\/div>\n\t\t<div class=\"elementor-element elementor-element-e6ddb76 e-flex e-con-boxed e-con e-parent\" data-id=\"e6ddb76\" data-element_type=\"container\" data-settings=\"{&quot;content_width&quot;:&quot;boxed&quot;}\" data-core-v316-plus=\"true\">\n\t\t\t\t\t<div class=\"e-con-inner\">\n\t\t\t\t<div class=\"elementor-element elementor-element-bfc2fc3 elementor-widget elementor-widget-text-editor\" data-id=\"bfc2fc3\" data-element_type=\"widget\" data-widget_type=\"text-editor.default\">\n\t\t\t\t<div class=\"elementor-widget-container\">\n\t\t\t\t\t\t\t<p>Unser Abend in der Karlsaue war voller Motivation, Spannung und &#8230;zum Schluss Nasskalt &#8230;Mit viel Spa\u00df sind tolle Aufnahmen entstanden &#8230;<\/p>\n<p>Vielen lieben Dank an Eckart und Thorsten, die f\u00fcr uns von einer Ecke in die Andere gesprungen sind,damit wir Anderen tolle Bilder schie\u00dfen konnten Auch an unsere G\u00e4ste Tina und Christine, (sie hatten heimlich zu Hause ge\u00fcbt \ud83d\ude09 ) die uns mit tollen Ergebnissen \u00fcberrascht haben ( diese d\u00fcrfen wir hier auf unserer Seite ebenfalls zeigen &#8211; vielen lieben Dank..)<\/p>\n<p>Selbstverst\u00e4ndlich und besonders auch f\u00fcr die Teilnehmer wichtig, gibt es nach einem Fotoworkshop eine Begutachtung und Besprechung der entstandenen Aufnahmen. Ausnahmsweise wurde uns dieser Abend zus\u00e4tzlich aufgrund eines runden Geburtstages mit Kaffee, leckerer Torte und kleinen Nussecken vers\u00fc\u00dft &#8211; niemand konnte wiederstehen ( nochmals ganz lieben Dank daf\u00fcr !) ..<br \/>Multitaskingf\u00e4hig wie wir nun mal sind, wurden trotzdem die vorhandenen Bilder betrachtet und konstruktive Kritik ausge\u00fcbt &#8230; Interessanterer Weise f\u00fchrten die unterschiedlichen Standorte der fotografierenden Personen auch zu recht unterschiedlichen Ergebnissen &#8230;<\/p>\n<p>Ein toller Workshop ist nun zu Ende und alle sind sich einig &#8211; dies hat soviel Spa\u00df gemacht, es schreit nach Wiederholung. &#8230;<\/p>\t\t\t\t\t\t<\/div>\n\t\t\t\t<\/div>\n\t\t\t\t\t<\/div>\n\t\t\t\t<\/div>\n\t\t<div class=\"elementor-element elementor-element-207c552 e-flex e-con-boxed e-con e-parent\" data-id=\"207c552\" data-element_type=\"container\" data-settings=\"{&quot;content_width&quot;:&quot;boxed&quot;}\" data-core-v316-plus=\"true\">\n\t\t\t\t\t<div class=\"e-con-inner\">\n\t\t\t\t<div class=\"elementor-element elementor-element-6d4f098 elementor-arrows-position-inside elementor-widget elementor-widget-image-carousel\" data-id=\"6d4f098\" data-element_type=\"widget\" data-settings=\"{&quot;slides_to_show&quot;:&quot;1&quot;,&quot;navigation&quot;:&quot;arrows&quot;,&quot;autoplay&quot;:&quot;yes&quot;,&quot;pause_on_hover&quot;:&quot;yes&quot;,&quot;pause_on_interaction&quot;:&quot;yes&quot;,&quot;autoplay_speed&quot;:5000,&quot;infinite&quot;:&quot;yes&quot;,&quot;effect&quot;:&quot;slide&quot;,&quot;speed&quot;:500}\" data-widget_type=\"image-carousel.default\">\n\t\t\t\t<div class=\"elementor-widget-container\">\n\t\t\t<style>\/*! elementor - v3.17.0 - 25-10-2023 *\/\n.elementor-widget-image-carousel .swiper,.elementor-widget-image-carousel .swiper-container{position:static}.elementor-widget-image-carousel .swiper-container .swiper-slide figure,.elementor-widget-image-carousel .swiper .swiper-slide figure{line-height:inherit}.elementor-widget-image-carousel .swiper-slide{text-align:center}.elementor-image-carousel-wrapper:not(.swiper-container-initialized):not(.swiper-initialized) .swiper-slide{max-width:calc(100% \/ var(--e-image-carousel-slides-to-show, 3))}<\/style>\t\t<div class=\"elementor-image-carousel-wrapper swiper\" dir=\"ltr\">\n\t\t\t<div class=\"elementor-image-carousel swiper-wrapper\" aria-live=\"off\">\n\t\t\t\t\t\t\t\t<div class=\"swiper-slide\" role=\"group\" aria-roledescription=\"slide\" aria-label=\"1 von 21\"><figure class=\"swiper-slide-inner\"><img decoding=\"async\" class=\"swiper-slide-image\" src=\"https:\/\/fotoverein-goldener-schnitt.de\/wp-content\/uploads\/2025\/03\/WhatsApp-Bild-2025-03-12-um-20.39.11_4fa15a86-1024x706.jpg\" alt=\"WhatsApp Bild 2025-03-12 um 20.39.11_4fa15a86\" \/><\/figure><\/div><div class=\"swiper-slide\" role=\"group\" aria-roledescription=\"slide\" aria-label=\"2 von 21\"><figure class=\"swiper-slide-inner\"><img decoding=\"async\" class=\"swiper-slide-image\" src=\"https:\/\/fotoverein-goldener-schnitt.de\/wp-content\/uploads\/2025\/03\/WhatsApp-Bild-2025-02-27-um-18.17.28_e651e7cf-a-1024x768.jpg\" alt=\"WhatsApp Bild 2025-02-27 um 18.17.28_e651e7cf-a\" \/><\/figure><\/div><div class=\"swiper-slide\" role=\"group\" aria-roledescription=\"slide\" aria-label=\"3 von 21\"><figure class=\"swiper-slide-inner\"><img decoding=\"async\" class=\"swiper-slide-image\" src=\"https:\/\/fotoverein-goldener-schnitt.de\/wp-content\/uploads\/2025\/03\/WhatsApp-Bild-2025-02-27-um-18.17.28_1ef5c99a-a-1024x765.jpg\" alt=\"WhatsApp Bild 2025-02-27 um 18.17.28_1ef5c99a-a\" \/><\/figure><\/div><div class=\"swiper-slide\" role=\"group\" aria-roledescription=\"slide\" aria-label=\"4 von 21\"><figure class=\"swiper-slide-inner\"><img decoding=\"async\" class=\"swiper-slide-image\" src=\"https:\/\/fotoverein-goldener-schnitt.de\/wp-content\/uploads\/2025\/03\/WhatsApp-Bild-2025-03-18-um-20.59.24_775f5162-1024x576.jpg\" alt=\"WhatsApp Bild 2025-03-18 um 20.59.24_775f5162\" \/><\/figure><\/div><div class=\"swiper-slide\" role=\"group\" aria-roledescription=\"slide\" aria-label=\"5 von 21\"><figure class=\"swiper-slide-inner\"><img decoding=\"async\" class=\"swiper-slide-image\" src=\"https:\/\/fotoverein-goldener-schnitt.de\/wp-content\/uploads\/2025\/03\/WhatsApp-Bild-2025-03-13-um-07.09.23_bf665ed8.jpg\" alt=\"WhatsApp Bild 2025-03-13 um 07.09.23_bf665ed8\" \/><\/figure><\/div><div class=\"swiper-slide\" role=\"group\" aria-roledescription=\"slide\" aria-label=\"6 von 21\"><figure class=\"swiper-slide-inner\"><img decoding=\"async\" class=\"swiper-slide-image\" src=\"https:\/\/fotoverein-goldener-schnitt.de\/wp-content\/uploads\/2025\/03\/WhatsApp-Bild-2025-03-18-um-20.59.33_cb4ed71a-1024x576.jpg\" alt=\"WhatsApp Bild 2025-03-18 um 20.59.33_cb4ed71a\" \/><\/figure><\/div><div class=\"swiper-slide\" role=\"group\" aria-roledescription=\"slide\" aria-label=\"7 von 21\"><figure class=\"swiper-slide-inner\"><img decoding=\"async\" class=\"swiper-slide-image\" src=\"https:\/\/fotoverein-goldener-schnitt.de\/wp-content\/uploads\/2025\/03\/WhatsApp-Bild-2025-03-18-um-20.59.32_c702b13a-1024x683.jpg\" alt=\"WhatsApp Bild 2025-03-18 um 20.59.32_c702b13a\" \/><\/figure><\/div><div class=\"swiper-slide\" role=\"group\" aria-roledescription=\"slide\" aria-label=\"8 von 21\"><figure class=\"swiper-slide-inner\"><img decoding=\"async\" class=\"swiper-slide-image\" src=\"https:\/\/fotoverein-goldener-schnitt.de\/wp-content\/uploads\/2025\/03\/WhatsApp-Bild-2025-03-18-um-20.59.30_7dda5bf3-1024x683.jpg\" alt=\"WhatsApp Bild 2025-03-18 um 20.59.30_7dda5bf3\" \/><\/figure><\/div><div class=\"swiper-slide\" role=\"group\" aria-roledescription=\"slide\" aria-label=\"9 von 21\"><figure class=\"swiper-slide-inner\"><img decoding=\"async\" class=\"swiper-slide-image\" src=\"https:\/\/fotoverein-goldener-schnitt.de\/wp-content\/uploads\/2025\/03\/WhatsApp-Bild-2025-03-18-um-20.59.26_ef61f570-1024x576.jpg\" alt=\"WhatsApp Bild 2025-03-18 um 20.59.26_ef61f570\" \/><\/figure><\/div><div class=\"swiper-slide\" role=\"group\" aria-roledescription=\"slide\" aria-label=\"10 von 21\"><figure class=\"swiper-slide-inner\"><img decoding=\"async\" class=\"swiper-slide-image\" src=\"https:\/\/fotoverein-goldener-schnitt.de\/wp-content\/uploads\/2025\/03\/WhatsApp-Bild-2025-03-18-um-20.59.26_c4797f3c-1024x576.jpg\" alt=\"WhatsApp Bild 2025-03-18 um 20.59.26_c4797f3c\" \/><\/figure><\/div><div class=\"swiper-slide\" role=\"group\" aria-roledescription=\"slide\" aria-label=\"11 von 21\"><figure class=\"swiper-slide-inner\"><img decoding=\"async\" class=\"swiper-slide-image\" src=\"https:\/\/fotoverein-goldener-schnitt.de\/wp-content\/uploads\/2025\/03\/WhatsApp-Bild-2025-03-18-um-20.59.26_5978e3f3-1024x576.jpg\" alt=\"WhatsApp Bild 2025-03-18 um 20.59.26_5978e3f3\" \/><\/figure><\/div><div class=\"swiper-slide\" role=\"group\" aria-roledescription=\"slide\" aria-label=\"12 von 21\"><figure class=\"swiper-slide-inner\"><img decoding=\"async\" class=\"swiper-slide-image\" src=\"https:\/\/fotoverein-goldener-schnitt.de\/wp-content\/uploads\/2025\/03\/P7A0510-2-Bearbeitet-1024x686.jpg\" alt=\"_P7A0510-2-Bearbeitet\" \/><\/figure><\/div><div class=\"swiper-slide\" role=\"group\" aria-roledescription=\"slide\" aria-label=\"13 von 21\"><figure class=\"swiper-slide-inner\"><img decoding=\"async\" class=\"swiper-slide-image\" src=\"https:\/\/fotoverein-goldener-schnitt.de\/wp-content\/uploads\/2025\/03\/P7A0497-Verbessert-RR-2-Bearbeitet-1024x686.jpg\" alt=\"_P7A0497-Verbessert-RR-2-Bearbeitet\" \/><\/figure><\/div><div class=\"swiper-slide\" role=\"group\" aria-roledescription=\"slide\" aria-label=\"14 von 21\"><figure class=\"swiper-slide-inner\"><img decoding=\"async\" class=\"swiper-slide-image\" src=\"https:\/\/fotoverein-goldener-schnitt.de\/wp-content\/uploads\/2025\/03\/P7A0494-klein-1024x685.jpg\" alt=\"_P7A0494-klein\" \/><\/figure><\/div><div class=\"swiper-slide\" role=\"group\" aria-roledescription=\"slide\" aria-label=\"15 von 21\"><figure class=\"swiper-slide-inner\"><img decoding=\"async\" class=\"swiper-slide-image\" src=\"https:\/\/fotoverein-goldener-schnitt.de\/wp-content\/uploads\/2025\/03\/P7A0488ab-1024x686.jpg\" alt=\"_P7A0488ab\" \/><\/figure><\/div><div class=\"swiper-slide\" role=\"group\" aria-roledescription=\"slide\" aria-label=\"16 von 21\"><figure class=\"swiper-slide-inner\"><img decoding=\"async\" class=\"swiper-slide-image\" src=\"https:\/\/fotoverein-goldener-schnitt.de\/wp-content\/uploads\/2025\/03\/P7A0482ab-klein-1024x686.jpg\" alt=\"_P7A0482ab-klein\" \/><\/figure><\/div><div class=\"swiper-slide\" role=\"group\" aria-roledescription=\"slide\" aria-label=\"17 von 21\"><figure class=\"swiper-slide-inner\"><img decoding=\"async\" class=\"swiper-slide-image\" src=\"https:\/\/fotoverein-goldener-schnitt.de\/wp-content\/uploads\/2025\/03\/P7A0475-klein-1024x686.jpg\" alt=\"_P7A0475-klein\" \/><\/figure><\/div><div class=\"swiper-slide\" role=\"group\" aria-roledescription=\"slide\" aria-label=\"18 von 21\"><figure class=\"swiper-slide-inner\"><img decoding=\"async\" class=\"swiper-slide-image\" src=\"https:\/\/fotoverein-goldener-schnitt.de\/wp-content\/uploads\/2025\/03\/P7A0474-klein-1024x686.jpg\" alt=\"_P7A0474-klein\" \/><\/figure><\/div><div class=\"swiper-slide\" role=\"group\" aria-roledescription=\"slide\" aria-label=\"19 von 21\"><figure class=\"swiper-slide-inner\"><img decoding=\"async\" class=\"swiper-slide-image\" src=\"https:\/\/fotoverein-goldener-schnitt.de\/wp-content\/uploads\/2025\/03\/P7A0472a-klein-1024x685.jpg\" alt=\"_P7A0472a-klein\" \/><\/figure><\/div><div class=\"swiper-slide\" role=\"group\" aria-roledescription=\"slide\" aria-label=\"20 von 21\"><figure class=\"swiper-slide-inner\"><img decoding=\"async\" class=\"swiper-slide-image\" src=\"https:\/\/fotoverein-goldener-schnitt.de\/wp-content\/uploads\/2025\/03\/P7A0469ab-1024x687.jpg\" alt=\"_P7A0469ab\" \/><\/figure><\/div><div class=\"swiper-slide\" role=\"group\" aria-roledescription=\"slide\" aria-label=\"21 von 21\"><figure class=\"swiper-slide-inner\"><img decoding=\"async\" class=\"swiper-slide-image\" src=\"https:\/\/fotoverein-goldener-schnitt.de\/wp-content\/uploads\/2025\/03\/WhatsApp-Bild-2025-03-12-um-20.39.37_25370ea8-771x1024.jpg\" alt=\"WhatsApp Bild 2025-03-12 um 20.39.37_25370ea8\" \/><\/figure><\/div>\t\t\t<\/div>\n\t\t\t\t\t\t\t\t\t\t\t\t<div class=\"elementor-swiper-button elementor-swiper-button-prev\" role=\"button\" tabindex=\"0\">\n\t\t\t\t\t\t<i aria-hidden=\"true\" class=\"eicon-chevron-left\"><\/i>\t\t\t\t\t<\/div>\n\t\t\t\t\t<div class=\"elementor-swiper-button elementor-swiper-button-next\" role=\"button\" tabindex=\"0\">\n\t\t\t\t\t\t<i aria-hidden=\"true\" class=\"eicon-chevron-right\"><\/i>\t\t\t\t\t<\/div>\n\t\t\t\t\n\t\t\t\t\t\t\t\t\t<\/div>\n\t\t\t\t<\/div>\n\t\t\t\t<\/div>\n\t\t\t\t\t<\/div>\n\t\t\t\t<\/div>\n\t\t<div class=\"elementor-element elementor-element-3449e3b e-flex e-con-boxed e-con e-parent\" data-id=\"3449e3b\" data-element_type=\"container\" data-settings=\"{&quot;content_width&quot;:&quot;boxed&quot;}\" data-core-v316-plus=\"true\">\n\t\t\t\t\t<div class=\"e-con-inner\">\n\t\t\t\t<div class=\"elementor-element elementor-element-2ff768b elementor-widget elementor-widget-image\" data-id=\"2ff768b\" data-element_type=\"widget\" data-widget_type=\"image.default\">\n\t\t\t\t<div class=\"elementor-widget-container\">\n\t\t\t<style>\/*! elementor - v3.17.0 - 25-10-2023 *\/\n.elementor-widget-image{text-align:center}.elementor-widget-image a{display:inline-block}.elementor-widget-image a img[src$=\".svg\"]{width:48px}.elementor-widget-image img{vertical-align:middle;display:inline-block}<\/style>\t\t\t\t\t\t\t\t\t\t\t\t<img fetchpriority=\"high\" fetchpriority=\"high\" decoding=\"async\" width=\"1024\" height=\"682\" src=\"https:\/\/fotoverein-goldener-schnitt.de\/wp-content\/uploads\/2025\/04\/P7A0589a-1-1024x682.jpg\" class=\"attachment-large size-large wp-image-3097\" alt=\"\" srcset=\"https:\/\/fotoverein-goldener-schnitt.de\/wp-content\/uploads\/2025\/04\/P7A0589a-1-980x653.jpg 980w, https:\/\/fotoverein-goldener-schnitt.de\/wp-content\/uploads\/2025\/04\/P7A0589a-1-480x320.jpg 480w\" sizes=\"(min-width: 0px) and (max-width: 480px) 480px, (min-width: 481px) and (max-width: 980px) 980px, (min-width: 981px) 1024px, 100vw\" \/>\t\t\t\t\t\t\t\t\t\t\t\t\t\t\t<\/div>\n\t\t\t\t<\/div>\n\t\t\t\t\t<\/div>\n\t\t\t\t<\/div>\n\t\t<div class=\"elementor-element elementor-element-963cf1b e-flex e-con-boxed e-con e-parent\" data-id=\"963cf1b\" data-element_type=\"container\" data-settings=\"{&quot;content_width&quot;:&quot;boxed&quot;}\" data-core-v316-plus=\"true\">\n\t\t\t\t\t<div class=\"e-con-inner\">\n\t\t\t\t<div class=\"elementor-element elementor-element-0da4d17 elementor-widget elementor-widget-image\" data-id=\"0da4d17\" data-element_type=\"widget\" data-widget_type=\"image.default\">\n\t\t\t\t<div class=\"elementor-widget-container\">\n\t\t\t\t\t\t\t\t\t\t\t\t\t\t\t<img decoding=\"async\" width=\"1024\" height=\"683\" src=\"https:\/\/fotoverein-goldener-schnitt.de\/wp-content\/uploads\/2025\/04\/P7A0590a-1-1024x683.jpg\" class=\"attachment-large size-large wp-image-3095\" alt=\"\" srcset=\"https:\/\/fotoverein-goldener-schnitt.de\/wp-content\/uploads\/2025\/04\/P7A0590a-1-980x654.jpg 980w, https:\/\/fotoverein-goldener-schnitt.de\/wp-content\/uploads\/2025\/04\/P7A0590a-1-480x320.jpg 480w\" sizes=\"(min-width: 0px) and (max-width: 480px) 480px, (min-width: 481px) and (max-width: 980px) 980px, (min-width: 981px) 1024px, 100vw\" \/>\t\t\t\t\t\t\t\t\t\t\t\t\t\t\t<\/div>\n\t\t\t\t<\/div>\n\t\t\t\t\t<\/div>\n\t\t\t\t<\/div>\n\t\t<div class=\"elementor-element elementor-element-867ba14 e-flex e-con-boxed e-con e-parent\" data-id=\"867ba14\" data-element_type=\"container\" data-settings=\"{&quot;content_width&quot;:&quot;boxed&quot;}\" data-core-v316-plus=\"true\">\n\t\t\t\t\t<div class=\"e-con-inner\">\n\t\t\t\t<div class=\"elementor-element elementor-element-21813bb elementor-widget elementor-widget-image\" data-id=\"21813bb\" data-element_type=\"widget\" data-widget_type=\"image.default\">\n\t\t\t\t<div class=\"elementor-widget-container\">\n\t\t\t\t\t\t\t\t\t\t\t\t\t\t\t<img decoding=\"async\" width=\"1024\" height=\"682\" src=\"https:\/\/fotoverein-goldener-schnitt.de\/wp-content\/uploads\/2025\/04\/P7A0592a-1-1024x682.jpg\" class=\"attachment-large size-large wp-image-3098\" alt=\"\" srcset=\"https:\/\/fotoverein-goldener-schnitt.de\/wp-content\/uploads\/2025\/04\/P7A0592a-1-980x653.jpg 980w, https:\/\/fotoverein-goldener-schnitt.de\/wp-content\/uploads\/2025\/04\/P7A0592a-1-480x320.jpg 480w\" sizes=\"(min-width: 0px) and (max-width: 480px) 480px, (min-width: 481px) and (max-width: 980px) 980px, (min-width: 981px) 1024px, 100vw\" \/>\t\t\t\t\t\t\t\t\t\t\t\t\t\t\t<\/div>\n\t\t\t\t<\/div>\n\t\t\t\t\t<\/div>\n\t\t\t\t<\/div>\n\t\t<div class=\"elementor-element elementor-element-b8bf594 e-flex e-con-boxed e-con e-parent\" data-id=\"b8bf594\" data-element_type=\"container\" data-settings=\"{&quot;content_width&quot;:&quot;boxed&quot;}\" data-core-v316-plus=\"true\">\n\t\t\t\t\t<div class=\"e-con-inner\">\n\t\t\t\t<div class=\"elementor-element elementor-element-d7f9019 elementor-widget elementor-widget-image\" data-id=\"d7f9019\" data-element_type=\"widget\" data-widget_type=\"image.default\">\n\t\t\t\t<div class=\"elementor-widget-container\">\n\t\t\t\t\t\t\t\t\t\t\t\t\t\t\t<img loading=\"lazy\" loading=\"lazy\" decoding=\"async\" width=\"1024\" height=\"682\" src=\"https:\/\/fotoverein-goldener-schnitt.de\/wp-content\/uploads\/2025\/04\/P7A0595a-1-1024x682.jpg\" class=\"attachment-large size-large wp-image-3100\" alt=\"\" srcset=\"https:\/\/fotoverein-goldener-schnitt.de\/wp-content\/uploads\/2025\/04\/P7A0595a-1-980x653.jpg 980w, https:\/\/fotoverein-goldener-schnitt.de\/wp-content\/uploads\/2025\/04\/P7A0595a-1-480x320.jpg 480w\" sizes=\"auto, (min-width: 0px) and (max-width: 480px) 480px, (min-width: 481px) and (max-width: 980px) 980px, (min-width: 981px) 1024px, 100vw\" \/>\t\t\t\t\t\t\t\t\t\t\t\t\t\t\t<\/div>\n\t\t\t\t<\/div>\n\t\t\t\t\t<\/div>\n\t\t\t\t<\/div>\n\t\t<div class=\"elementor-element elementor-element-8833b15 e-flex e-con-boxed e-con e-parent\" data-id=\"8833b15\" data-element_type=\"container\" data-settings=\"{&quot;content_width&quot;:&quot;boxed&quot;}\" data-core-v316-plus=\"true\">\n\t\t\t\t\t<div class=\"e-con-inner\">\n\t\t\t\t<div class=\"elementor-element elementor-element-3cf3502 elementor-widget elementor-widget-image\" data-id=\"3cf3502\" data-element_type=\"widget\" data-widget_type=\"image.default\">\n\t\t\t\t<div class=\"elementor-widget-container\">\n\t\t\t\t\t\t\t\t\t\t\t\t\t\t\t<img loading=\"lazy\" loading=\"lazy\" decoding=\"async\" width=\"1024\" height=\"682\" src=\"https:\/\/fotoverein-goldener-schnitt.de\/wp-content\/uploads\/2025\/04\/P7A0598a-1-1024x682.jpg\" class=\"attachment-large size-large wp-image-3099\" alt=\"\" srcset=\"https:\/\/fotoverein-goldener-schnitt.de\/wp-content\/uploads\/2025\/04\/P7A0598a-1-980x653.jpg 980w, https:\/\/fotoverein-goldener-schnitt.de\/wp-content\/uploads\/2025\/04\/P7A0598a-1-480x320.jpg 480w\" sizes=\"auto, (min-width: 0px) and (max-width: 480px) 480px, (min-width: 481px) and (max-width: 980px) 980px, (min-width: 981px) 1024px, 100vw\" \/>\t\t\t\t\t\t\t\t\t\t\t\t\t\t\t<\/div>\n\t\t\t\t<\/div>\n\t\t\t\t\t<\/div>\n\t\t\t\t<\/div>\n\t\t<div class=\"elementor-element elementor-element-d4f94d2 e-flex e-con-boxed e-con e-parent\" data-id=\"d4f94d2\" data-element_type=\"container\" data-settings=\"{&quot;content_width&quot;:&quot;boxed&quot;}\" data-core-v316-plus=\"true\">\n\t\t\t\t\t<div class=\"e-con-inner\">\n\t\t\t\t<div class=\"elementor-element elementor-element-f0533da elementor-widget elementor-widget-image\" data-id=\"f0533da\" data-element_type=\"widget\" data-widget_type=\"image.default\">\n\t\t\t\t<div class=\"elementor-widget-container\">\n\t\t\t\t\t\t\t\t\t\t\t\t\t\t\t<img loading=\"lazy\" loading=\"lazy\" decoding=\"async\" width=\"1024\" height=\"682\" src=\"https:\/\/fotoverein-goldener-schnitt.de\/wp-content\/uploads\/2025\/04\/P7A0602a-1-1024x682.jpg\" class=\"attachment-large size-large wp-image-3096\" alt=\"\" srcset=\"https:\/\/fotoverein-goldener-schnitt.de\/wp-content\/uploads\/2025\/04\/P7A0602a-1-980x653.jpg 980w, https:\/\/fotoverein-goldener-schnitt.de\/wp-content\/uploads\/2025\/04\/P7A0602a-1-480x320.jpg 480w\" sizes=\"auto, (min-width: 0px) and (max-width: 480px) 480px, (min-width: 481px) and (max-width: 980px) 980px, (min-width: 981px) 1024px, 100vw\" \/>\t\t\t\t\t\t\t\t\t\t\t\t\t\t\t<\/div>\n\t\t\t\t<\/div>\n\t\t\t\t\t<\/div>\n\t\t\t\t<\/div>\n\t\t<div class=\"elementor-element elementor-element-5e839f2 e-flex e-con-boxed e-con e-parent\" data-id=\"5e839f2\" data-element_type=\"container\" data-settings=\"{&quot;content_width&quot;:&quot;boxed&quot;}\" data-core-v316-plus=\"true\">\n\t\t\t\t\t<div class=\"e-con-inner\">\n\t\t\t\t<div class=\"elementor-element elementor-element-7980cb1 elementor-widget elementor-widget-image\" data-id=\"7980cb1\" data-element_type=\"widget\" data-widget_type=\"image.default\">\n\t\t\t\t<div class=\"elementor-widget-container\">\n\t\t\t\t\t\t\t\t\t\t\t\t\t\t\t<img loading=\"lazy\" loading=\"lazy\" decoding=\"async\" width=\"1024\" height=\"682\" src=\"https:\/\/fotoverein-goldener-schnitt.de\/wp-content\/uploads\/2025\/04\/P7A0606a-1-1024x682.jpg\" class=\"attachment-large size-large wp-image-3093\" alt=\"\" srcset=\"https:\/\/fotoverein-goldener-schnitt.de\/wp-content\/uploads\/2025\/04\/P7A0606a-1-980x653.jpg 980w, https:\/\/fotoverein-goldener-schnitt.de\/wp-content\/uploads\/2025\/04\/P7A0606a-1-480x320.jpg 480w\" sizes=\"auto, (min-width: 0px) and (max-width: 480px) 480px, (min-width: 481px) and (max-width: 980px) 980px, (min-width: 981px) 1024px, 100vw\" \/>\t\t\t\t\t\t\t\t\t\t\t\t\t\t\t<\/div>\n\t\t\t\t<\/div>\n\t\t\t\t\t<\/div>\n\t\t\t\t<\/div>\n\t\t<div class=\"elementor-element elementor-element-8367df6 e-flex e-con-boxed e-con e-parent\" data-id=\"8367df6\" data-element_type=\"container\" data-settings=\"{&quot;content_width&quot;:&quot;boxed&quot;}\" data-core-v316-plus=\"true\">\n\t\t\t\t\t<div class=\"e-con-inner\">\n\t\t\t\t<div class=\"elementor-element elementor-element-08927fa elementor-widget elementor-widget-image\" data-id=\"08927fa\" data-element_type=\"widget\" data-widget_type=\"image.default\">\n\t\t\t\t<div class=\"elementor-widget-container\">\n\t\t\t\t\t\t\t\t\t\t\t\t\t\t\t<img loading=\"lazy\" loading=\"lazy\" decoding=\"async\" width=\"1024\" height=\"683\" src=\"https:\/\/fotoverein-goldener-schnitt.de\/wp-content\/uploads\/2025\/04\/P7A0608a-1-1024x683.jpg\" class=\"attachment-large size-large wp-image-3094\" alt=\"\" srcset=\"https:\/\/fotoverein-goldener-schnitt.de\/wp-content\/uploads\/2025\/04\/P7A0608a-1-980x654.jpg 980w, https:\/\/fotoverein-goldener-schnitt.de\/wp-content\/uploads\/2025\/04\/P7A0608a-1-480x320.jpg 480w\" sizes=\"auto, (min-width: 0px) and (max-width: 480px) 480px, (min-width: 481px) and (max-width: 980px) 980px, (min-width: 981px) 1024px, 100vw\" \/>\t\t\t\t\t\t\t\t\t\t\t\t\t\t\t<\/div>\n\t\t\t\t<\/div>\n\t\t\t\t\t<\/div>\n\t\t\t\t<\/div>\n\t\t\t\t\t\t\t<\/div>\n\t\t","protected":false},"excerpt":{"rendered":"<p>Lightpainting 2+3 2025 Unser Abend in der Karlsaue war voller Motivation, Spannung und &#8230;zum Schluss Nasskalt &#8230;Mit viel Spa\u00df sind tolle Aufnahmen entstanden &#8230; Vielen lieben Dank an Eckart und Thorsten, die f\u00fcr uns von einer Ecke in die Andere gesprungen sind,damit wir Anderen tolle Bilder schie\u00dfen konnten Auch an unsere G\u00e4ste Tina und Christine, [&hellip;]<\/p>\n","protected":false},"author":1,"featured_media":0,"parent":0,"menu_order":0,"comment_status":"closed","ping_status":"closed","template":"elementor_header_footer","meta":{"_et_pb_use_builder":"","_et_pb_old_content":"","_et_gb_content_width":"","footnotes":""},"class_list":["post-3046","page","type-page","status-publish","hentry"],"_links":{"self":[{"href":"https:\/\/fotoverein-goldener-schnitt.de\/index.php?rest_route=\/wp\/v2\/pages\/3046","targetHints":{"allow":["GET"]}}],"collection":[{"href":"https:\/\/fotoverein-goldener-schnitt.de\/index.php?rest_route=\/wp\/v2\/pages"}],"about":[{"href":"https:\/\/fotoverein-goldener-schnitt.de\/index.php?rest_route=\/wp\/v2\/types\/page"}],"author":[{"embeddable":true,"href":"https:\/\/fotoverein-goldener-schnitt.de\/index.php?rest_route=\/wp\/v2\/users\/1"}],"replies":[{"embeddable":true,"href":"https:\/\/fotoverein-goldener-schnitt.de\/index.php?rest_route=%2Fwp%2Fv2%2Fcomments&post=3046"}],"version-history":[{"count":7,"href":"https:\/\/fotoverein-goldener-schnitt.de\/index.php?rest_route=\/wp\/v2\/pages\/3046\/revisions"}],"predecessor-version":[{"id":3103,"href":"https:\/\/fotoverein-goldener-schnitt.de\/index.php?rest_route=\/wp\/v2\/pages\/3046\/revisions\/3103"}],"wp:attachment":[{"href":"https:\/\/fotoverein-goldener-schnitt.de\/index.php?rest_route=%2Fwp%2Fv2%2Fmedia&parent=3046"}],"curies":[{"name":"wp","href":"https:\/\/api.w.org\/{rel}","templated":true}]}}