{"id":435,"date":"2023-12-01T12:38:26","date_gmt":"2023-12-01T11:38:26","guid":{"rendered":"http:\/\/hochhaus4.alfahosting.org\/?page_id=435"},"modified":"2024-11-16T09:03:05","modified_gmt":"2024-11-16T08:03:05","slug":"block","status":"publish","type":"page","link":"https:\/\/fotoverein-goldener-schnitt.de\/?page_id=435","title":{"rendered":"Blog"},"content":{"rendered":"\t\t<div data-elementor-type=\"wp-page\" data-elementor-id=\"435\" class=\"elementor elementor-435\" data-elementor-post-type=\"page\">\n\t\t\t\t\t\t\t<div class=\"elementor-element elementor-element-4ba8f1bc e-flex e-con-boxed e-con e-parent\" data-id=\"4ba8f1bc\" data-element_type=\"container\" data-settings=\"{&quot;content_width&quot;:&quot;boxed&quot;}\" data-core-v316-plus=\"true\">\n\t\t\t\t\t<div class=\"e-con-inner\">\n\t\t\t\t<div class=\"elementor-element elementor-element-644fd64c elementor-widget elementor-widget-text-editor\" data-id=\"644fd64c\" data-element_type=\"widget\" data-widget_type=\"text-editor.default\">\n\t\t\t\t<div class=\"elementor-widget-container\">\n\t\t\t<style>\/*! elementor - v3.17.0 - 25-10-2023 *\/\n.elementor-widget-text-editor.elementor-drop-cap-view-stacked .elementor-drop-cap{background-color:#69727d;color:#fff}.elementor-widget-text-editor.elementor-drop-cap-view-framed .elementor-drop-cap{color:#69727d;border:3px solid;background-color:transparent}.elementor-widget-text-editor:not(.elementor-drop-cap-view-default) .elementor-drop-cap{margin-top:8px}.elementor-widget-text-editor:not(.elementor-drop-cap-view-default) .elementor-drop-cap-letter{width:1em;height:1em}.elementor-widget-text-editor .elementor-drop-cap{float:left;text-align:center;line-height:1;font-size:50px}.elementor-widget-text-editor .elementor-drop-cap-letter{display:inline-block}<\/style>\t\t\t\t<!-- wp:divi\/placeholder \/-->\t\t\t\t\t\t<\/div>\n\t\t\t\t<\/div>\n\t\t\t\t\t<\/div>\n\t\t\t\t<\/div>\n\t\t<div class=\"elementor-element elementor-element-1d50b89 e-flex e-con-boxed e-con e-parent\" data-id=\"1d50b89\" data-element_type=\"container\" data-settings=\"{&quot;content_width&quot;:&quot;boxed&quot;}\" data-core-v316-plus=\"true\">\n\t\t\t\t\t<div class=\"e-con-inner\">\n\t\t\t\t<div class=\"elementor-element elementor-element-6eadc3f elementor-widget elementor-widget-heading\" data-id=\"6eadc3f\" data-element_type=\"widget\" data-widget_type=\"heading.default\">\n\t\t\t\t<div class=\"elementor-widget-container\">\n\t\t\t<style>\/*! elementor - v3.17.0 - 25-10-2023 *\/\n.elementor-heading-title{padding:0;margin:0;line-height:1}.elementor-widget-heading .elementor-heading-title[class*=elementor-size-]>a{color:inherit;font-size:inherit;line-height:inherit}.elementor-widget-heading .elementor-heading-title.elementor-size-small{font-size:15px}.elementor-widget-heading .elementor-heading-title.elementor-size-medium{font-size:19px}.elementor-widget-heading .elementor-heading-title.elementor-size-large{font-size:29px}.elementor-widget-heading .elementor-heading-title.elementor-size-xl{font-size:39px}.elementor-widget-heading .elementor-heading-title.elementor-size-xxl{font-size:59px}<\/style><h2 class=\"elementor-heading-title elementor-size-default\">Blog<\/h2>\t\t<\/div>\n\t\t\t\t<\/div>\n\t\t\t\t\t<\/div>\n\t\t\t\t<\/div>\n\t\t<div class=\"elementor-element elementor-element-88b5eff e-flex e-con-boxed e-con e-parent\" data-id=\"88b5eff\" data-element_type=\"container\" data-settings=\"{&quot;content_width&quot;:&quot;boxed&quot;}\" data-core-v316-plus=\"true\">\n\t\t\t\t\t<div class=\"e-con-inner\">\n\t\t\t\t<div class=\"elementor-element elementor-element-ba0e127 elementor-invisible elementor-widget elementor-widget-accordion\" data-id=\"ba0e127\" data-element_type=\"widget\" data-settings=\"{&quot;_animation&quot;:&quot;slideInDown&quot;}\" data-widget_type=\"accordion.default\">\n\t\t\t\t<div class=\"elementor-widget-container\">\n\t\t\t<style>\/*! elementor - v3.17.0 - 25-10-2023 *\/\n.elementor-accordion{text-align:left}.elementor-accordion .elementor-accordion-item{border:1px solid #d5d8dc}.elementor-accordion .elementor-accordion-item+.elementor-accordion-item{border-top:none}.elementor-accordion .elementor-tab-title{margin:0;padding:15px 20px;font-weight:700;line-height:1;cursor:pointer;outline:none}.elementor-accordion .elementor-tab-title .elementor-accordion-icon{display:inline-block;width:1.5em}.elementor-accordion .elementor-tab-title .elementor-accordion-icon svg{width:1em;height:1em}.elementor-accordion .elementor-tab-title .elementor-accordion-icon.elementor-accordion-icon-right{float:right;text-align:right}.elementor-accordion .elementor-tab-title .elementor-accordion-icon.elementor-accordion-icon-left{float:left;text-align:left}.elementor-accordion .elementor-tab-title .elementor-accordion-icon .elementor-accordion-icon-closed{display:block}.elementor-accordion .elementor-tab-title .elementor-accordion-icon .elementor-accordion-icon-opened,.elementor-accordion .elementor-tab-title.elementor-active .elementor-accordion-icon-closed{display:none}.elementor-accordion .elementor-tab-title.elementor-active .elementor-accordion-icon-opened{display:block}.elementor-accordion .elementor-tab-content{display:none;padding:15px 20px;border-top:1px solid #d5d8dc}@media (max-width:767px){.elementor-accordion .elementor-tab-title{padding:12px 15px}.elementor-accordion .elementor-tab-title .elementor-accordion-icon{width:1.2em}.elementor-accordion .elementor-tab-content{padding:7px 15px}}.e-con-inner>.elementor-widget-accordion,.e-con>.elementor-widget-accordion{width:var(--container-widget-width);--flex-grow:var(--container-widget-flex-grow)}<\/style>\t\t<div class=\"elementor-accordion\">\n\t\t\t\t\t\t\t<div class=\"elementor-accordion-item\">\n\t\t\t\t\t<div id=\"elementor-tab-title-1951\" class=\"elementor-tab-title\" data-tab=\"1\" role=\"button\" aria-controls=\"elementor-tab-content-1951\" aria-expanded=\"false\">\n\t\t\t\t\t\t\t\t\t\t\t\t\t<span class=\"elementor-accordion-icon elementor-accordion-icon-left\" aria-hidden=\"true\">\n\t\t\t\t\t\t\t\t\t\t\t\t\t\t\t<span class=\"elementor-accordion-icon-closed\"><i class=\"fas fa-plus\"><\/i><\/span>\n\t\t\t\t\t\t\t\t<span class=\"elementor-accordion-icon-opened\"><i class=\"fas fa-minus\"><\/i><\/span>\n\t\t\t\t\t\t\t\t\t\t\t\t\t\t<\/span>\n\t\t\t\t\t\t\t\t\t\t\t\t<a class=\"elementor-accordion-title\" tabindex=\"0\">Lightroom Kurs mit Stefan 07.02.2024<\/a>\n\t\t\t\t\t<\/div>\n\t\t\t\t\t<div id=\"elementor-tab-content-1951\" class=\"elementor-tab-content elementor-clearfix\" data-tab=\"1\" role=\"region\" aria-labelledby=\"elementor-tab-title-1951\"><p>In einer spannenden und lehrreichen Veranstaltung wurde gestern im Vereinssaal ein Kurs angeboten, der vom Vereinsmitglied Stefan geleitet wurde. Die Teilnehmer wurden in eine Welt voller neuer Erkenntnisse, Tipps und Tricks eingef\u00fchrt, die sie nicht nur bereicherten, sondern auch f\u00fcr zuk\u00fcnftige Herausforderungen st\u00e4rkten.<\/p>\n<p>Stefan, der seine langj\u00e4hrige Erfahrung und sein Fachwissen gro\u00dfz\u00fcgig teilte, sorgte f\u00fcr eine Atmosph\u00e4re voller Begeisterung und Lernbereitschaft. Mit seiner charismatischen Art gelang es ihm, spielend die Aufmerksamkeit aller Kursteilnehmer zu gewinnen und sie durch ein abwechslungsreiches Programm zu f\u00fchren.<\/p>\n<p>Neben den fachlichen Inhalten kam auch der Spa\u00df nicht zu kurz. Interaktive \u00dcbungen und Gruppenaktivit\u00e4ten lockerten die Atmosph\u00e4re auf und sorgten f\u00fcr einen gelungenen Abend. Es wurde gelacht, diskutiert und voneinander gelernt, was den Kurs zu einem unvergesslichen Erlebnis machte.<\/p>\n<p>Die Teilnehmer \u00e4u\u00dferten sich begeistert \u00fcber die Veranstaltung und freuen sich bereits auf Teil 2 des Kurses. &#8222;Stefan hat sich viele Gedanken gemacht und uns wertvolle Einblicke gegeben. Ich kann es kaum erwarten, noch mehr von ihm zu lernen&#8220;, \u00e4u\u00dferte sich ein Teilnehmer begeistert.<\/p>\n<p><span style=\"font-size: 14px; color: var( --e-global-color-text ); font-family: var( --e-global-typography-text-font-family ), Sans-serif; font-weight: var( --e-global-typography-text-font-weight ); text-align: var(--text-align);\">Mit gro\u00dfer Vorfreude blicken die Teilnehmer nun auf weitere Kurse und Veranstaltungen im Verein, die nicht nur Wissen vermitteln, sondern auch den Zusammenhalt und die Freude am Fotografieren f\u00f6rdern.<\/span><\/p>\n<p><img fetchpriority=\"high\" fetchpriority=\"high\" decoding=\"async\" class=\"alignnone size-medium wp-image-1596\" src=\"https:\/\/fotoverein-goldener-schnitt.de\/wp-content\/uploads\/2024\/02\/LR-Kurs_Teil-1_24-300x225.jpg\" alt=\"\" width=\"300\" height=\"225\"> <img decoding=\"async\" class=\"alignnone size-medium wp-image-1595\" src=\"https:\/\/fotoverein-goldener-schnitt.de\/wp-content\/uploads\/2024\/02\/LR-Kurs_Teil-1_24_2-300x225.jpg\" alt=\"\" width=\"300\" height=\"225\"> <img decoding=\"async\" class=\"alignnone size-medium wp-image-1594\" src=\"https:\/\/fotoverein-goldener-schnitt.de\/wp-content\/uploads\/2024\/02\/LR-Kurs_Teil-1_24_3-300x225.jpg\" alt=\"\" width=\"300\" height=\"225\"> <img loading=\"lazy\" loading=\"lazy\" decoding=\"async\" class=\"alignnone size-medium wp-image-1593\" src=\"https:\/\/fotoverein-goldener-schnitt.de\/wp-content\/uploads\/2024\/02\/LR-Kurs_Teil-1_24_4-300x225.jpg\" alt=\"\" width=\"300\" height=\"225\"> <img loading=\"lazy\" loading=\"lazy\" decoding=\"async\" class=\"alignnone size-medium wp-image-1592\" src=\"https:\/\/fotoverein-goldener-schnitt.de\/wp-content\/uploads\/2024\/02\/LR-Kurs_Teil-1_24_5-300x225.jpg\" alt=\"\" width=\"300\" height=\"225\"> <img loading=\"lazy\" loading=\"lazy\" decoding=\"async\" class=\"alignnone size-medium wp-image-1591\" src=\"https:\/\/fotoverein-goldener-schnitt.de\/wp-content\/uploads\/2024\/02\/LR-Kurs_Teil-1_24_6-300x225.jpg\" alt=\"\" width=\"300\" height=\"225\"><\/p><\/div>\n\t\t\t\t<\/div>\n\t\t\t\t\t\t\t<div class=\"elementor-accordion-item\">\n\t\t\t\t\t<div id=\"elementor-tab-title-1952\" class=\"elementor-tab-title\" data-tab=\"2\" role=\"button\" aria-controls=\"elementor-tab-content-1952\" aria-expanded=\"false\">\n\t\t\t\t\t\t\t\t\t\t\t\t\t<span class=\"elementor-accordion-icon elementor-accordion-icon-left\" aria-hidden=\"true\">\n\t\t\t\t\t\t\t\t\t\t\t\t\t\t\t<span class=\"elementor-accordion-icon-closed\"><i class=\"fas fa-plus\"><\/i><\/span>\n\t\t\t\t\t\t\t\t<span class=\"elementor-accordion-icon-opened\"><i class=\"fas fa-minus\"><\/i><\/span>\n\t\t\t\t\t\t\t\t\t\t\t\t\t\t<\/span>\n\t\t\t\t\t\t\t\t\t\t\t\t<a class=\"elementor-accordion-title\" tabindex=\"0\"> Themenabend Astrofotografie am 11.05.2022 mit Max Teike<\/a>\n\t\t\t\t\t<\/div>\n\t\t\t\t\t<div id=\"elementor-tab-content-1952\" class=\"elementor-tab-content elementor-clearfix\" data-tab=\"2\" role=\"region\" aria-labelledby=\"elementor-tab-title-1952\"><p>An diesem Themenabend ging es um eine ganz besondere Art der Fotografie: die Astro- und Sternenfotografie. Wer von uns hat nicht schon einmal versucht die Milchstrasse oder Sternenspuren zu fotografieren? Im dritten Anlauf hatte es dann endlich geklappt, dass der ambitionierte Hobbyfotograf Max Teike zu uns kommen konnte und uns \u00fcber seine Erfahrungen bei der Astrofotografie mit einem interessanten Vortrag berichtete. Er hatte hierzu auch einen Teil seiner Ausr\u00fcstung mitgebracht, mit der er auch entfernte Galaxien, wie z.B. den Orionnebel ablichten kann. Diesen informativen Vortrag wollten wir nat\u00fcrlich nicht f\u00fcr uns allein behalten und hatten deshalb auch die benachbarten Fotovereine und Fotogruppen eingeladen. Viele G\u00e4ste waren unserer Einladung gefolgt, so dass der Saal im D\u00f6rnhagener Dorfgemeinschaftshaus gut belegt war.<\/p>\n<p>Neben seiner Ausr\u00fcstung stellte uns Max Teike auch die Bearbeitungsschritte der Astrofotografie sowie die n\u00f6tigen \u00e4u\u00dferen Bedingungen f\u00fcr gute Sternenfotos vor.<\/p>\n<p>Mit vielen neuen Erkenntnissen und Anregungen \u00fcber dieses spezielle Fotothema gingen wir am Ende des Abends schlie\u00dflich wieder auseinander, auch mit dem Angebot von Max, das Gelernte in die praktische Tat umzusetzen.<\/p>\n<p><img loading=\"lazy\" loading=\"lazy\" decoding=\"async\" class=\"alignnone size-medium wp-image-447\" src=\"https:\/\/fotoverein-goldener-schnitt.de\/wp-content\/uploads\/2023\/12\/Astro2-300x224.jpg\" alt=\"\" width=\"300\" height=\"224\" \/> <img loading=\"lazy\" loading=\"lazy\" decoding=\"async\" class=\"alignnone size-medium wp-image-446\" src=\"https:\/\/fotoverein-goldener-schnitt.de\/wp-content\/uploads\/2023\/12\/Astro1-1-300x224.jpg\" alt=\"\" width=\"300\" height=\"224\" \/><\/p>\n<p>\u00a0<\/p><\/div>\n\t\t\t\t<\/div>\n\t\t\t\t\t\t\t<div class=\"elementor-accordion-item\">\n\t\t\t\t\t<div id=\"elementor-tab-title-1953\" class=\"elementor-tab-title\" data-tab=\"3\" role=\"button\" aria-controls=\"elementor-tab-content-1953\" aria-expanded=\"false\">\n\t\t\t\t\t\t\t\t\t\t\t\t\t<span class=\"elementor-accordion-icon elementor-accordion-icon-left\" aria-hidden=\"true\">\n\t\t\t\t\t\t\t\t\t\t\t\t\t\t\t<span class=\"elementor-accordion-icon-closed\"><i class=\"fas fa-plus\"><\/i><\/span>\n\t\t\t\t\t\t\t\t<span class=\"elementor-accordion-icon-opened\"><i class=\"fas fa-minus\"><\/i><\/span>\n\t\t\t\t\t\t\t\t\t\t\t\t\t\t<\/span>\n\t\t\t\t\t\t\t\t\t\t\t\t<a class=\"elementor-accordion-title\" tabindex=\"0\">Fotowanderung Alpenpfad D\u00f6rnberg am 04.05.2022<\/a>\n\t\t\t\t\t<\/div>\n\t\t\t\t\t<div id=\"elementor-tab-content-1953\" class=\"elementor-tab-content elementor-clearfix\" data-tab=\"3\" role=\"region\" aria-labelledby=\"elementor-tab-title-1953\"><p>Am 04.05.2022 stand eine fotografische Wanderung auf dem Alpenpfad des D\u00f6rnbergs auf dem Programm.<\/p>\n<p>Am D\u00f6rnberg stehen in dieser Jahreszeit u.a. die Orchideenart Knabenkraut, die Schl\u00fcsselblumen sowie das gro\u00dfe Windr\u00f6schen (eine Anemonenart) in voller Bl\u00fcte. Auf unserer ca. 1,5 km langen Wanderung boten sich unterwegs auch immer wieder tolle Ausblicke auf die umliegende Umgebung, u.a. auch das gro\u00dfe Eisenbahnaqu\u00e4dukt bei Zierenberg. Nach Ankunft an unserem anvisierten Rastplatz gab es bei herrlichen Aussichten auf die bl\u00fchenden Wiesen erstmal eine gemeinsame Vesper zur St\u00e4rkung. Beim anschlie\u00dfenden Fotografieren der Orchideen und Wiesenblumen war aufgrund der ungewohnt niedrigen Perspektiven durchaus auch \u201evoller K\u00f6rpereinsatz\u201c gefragt. Bevor wir uns schlie\u00dflich wieder auf den R\u00fcckweg machten, bot sich am Horizont aber noch ein toller Sonnenuntergang, der selbstverst\u00e4ndlich auch bildlich festgehalten wurde.<\/p>\n<p>\u00a0 \u00a0 \u00a0 \u00a0 <img loading=\"lazy\" loading=\"lazy\" decoding=\"async\" class=\"alignnone size-medium wp-image-458\" src=\"https:\/\/fotoverein-goldener-schnitt.de\/wp-content\/uploads\/2023\/12\/Doernberg6-300x200.jpg\" alt=\"\" width=\"300\" height=\"200\" \/> <img loading=\"lazy\" loading=\"lazy\" decoding=\"async\" class=\"alignnone size-medium wp-image-457\" src=\"https:\/\/fotoverein-goldener-schnitt.de\/wp-content\/uploads\/2023\/12\/Doernberg8-300x200.jpg\" alt=\"\" width=\"300\" height=\"200\" \/> <img loading=\"lazy\" loading=\"lazy\" decoding=\"async\" class=\"alignnone size-medium wp-image-456\" src=\"https:\/\/fotoverein-goldener-schnitt.de\/wp-content\/uploads\/2023\/12\/Doernberg7-300x200.jpg\" alt=\"\" width=\"300\" height=\"200\" \/> <img loading=\"lazy\" loading=\"lazy\" decoding=\"async\" class=\"alignnone size-medium wp-image-455\" src=\"https:\/\/fotoverein-goldener-schnitt.de\/wp-content\/uploads\/2023\/12\/Doernberg2-300x200.jpg\" alt=\"\" width=\"300\" height=\"200\" \/> <img loading=\"lazy\" loading=\"lazy\" decoding=\"async\" class=\"alignnone size-medium wp-image-454\" src=\"https:\/\/fotoverein-goldener-schnitt.de\/wp-content\/uploads\/2023\/12\/Doernberg9-300x200.jpg\" alt=\"\" width=\"300\" height=\"200\" \/> <img loading=\"lazy\" loading=\"lazy\" decoding=\"async\" class=\"alignnone size-medium wp-image-453\" src=\"https:\/\/fotoverein-goldener-schnitt.de\/wp-content\/uploads\/2023\/12\/Doernberg3-300x200.jpg\" alt=\"\" width=\"300\" height=\"200\" \/> <img loading=\"lazy\" loading=\"lazy\" decoding=\"async\" class=\"alignnone size-medium wp-image-452\" src=\"https:\/\/fotoverein-goldener-schnitt.de\/wp-content\/uploads\/2023\/12\/Doernberg1-300x224.jpg\" alt=\"\" width=\"300\" height=\"224\" \/> <img loading=\"lazy\" loading=\"lazy\" decoding=\"async\" class=\"alignnone size-medium wp-image-451\" src=\"https:\/\/fotoverein-goldener-schnitt.de\/wp-content\/uploads\/2023\/12\/Doernberg5-300x200.jpg\" alt=\"\" width=\"300\" height=\"200\" \/> <img loading=\"lazy\" loading=\"lazy\" decoding=\"async\" class=\"alignnone size-medium wp-image-450\" src=\"https:\/\/fotoverein-goldener-schnitt.de\/wp-content\/uploads\/2023\/12\/Doernberg4-300x216.jpg\" alt=\"\" width=\"300\" height=\"216\" \/><\/p><\/div>\n\t\t\t\t<\/div>\n\t\t\t\t\t\t\t<div class=\"elementor-accordion-item\">\n\t\t\t\t\t<div id=\"elementor-tab-title-1954\" class=\"elementor-tab-title\" data-tab=\"4\" role=\"button\" aria-controls=\"elementor-tab-content-1954\" aria-expanded=\"false\">\n\t\t\t\t\t\t\t\t\t\t\t\t\t<span class=\"elementor-accordion-icon elementor-accordion-icon-left\" aria-hidden=\"true\">\n\t\t\t\t\t\t\t\t\t\t\t\t\t\t\t<span class=\"elementor-accordion-icon-closed\"><i class=\"fas fa-plus\"><\/i><\/span>\n\t\t\t\t\t\t\t\t<span class=\"elementor-accordion-icon-opened\"><i class=\"fas fa-minus\"><\/i><\/span>\n\t\t\t\t\t\t\t\t\t\t\t\t\t\t<\/span>\n\t\t\t\t\t\t\t\t\t\t\t\t<a class=\"elementor-accordion-title\" tabindex=\"0\">Lightpainting Teil 1 (D\u00f6rnhagen) und Teil 2 (Karlsaue Kassel)<\/a>\n\t\t\t\t\t<\/div>\n\t\t\t\t\t<div id=\"elementor-tab-content-1954\" class=\"elementor-tab-content elementor-clearfix\" data-tab=\"4\" role=\"region\" aria-labelledby=\"elementor-tab-title-1954\"><p>Lightpainting \u2013 frei \u00fcbersetzt \u201eMalen mit Licht\u201c \u2013 unter diesem Motto standen 2 Outdoor-Themenabende im M\u00e4rz 2022.<\/p>\n<p>Am 23.03.2022 trafen wir uns zun\u00e4chst in D\u00f6rnhagen, einige hatten hier diverse Lichtquellen (Taschenlampen, Lichterketten, Stahlwolle etc.) mitgebracht. In kleinen Gruppen versuchten wir uns nach der Devise \u201eLearning by doing\u201c mit unseren unterschiedlichen Lichtern in dieser besonderen Kunstform. Hierbei wurde schnell klar, dass viel Kreativit\u00e4t gefragt war, um ansprechende Bildergebnisse zu erzielen. Auch zu Beherrschung der Technik bedurfte es hier einiger \u00dcbung. Einer der H\u00f6hepunkte dieses Abends war dann aber die Langzeitbelichtung rundgeschleuderter brennender Stahlwolle, die so immer ein Motiv mit dem WOW-Effekt darstellt.<\/p><\/div>\n\t\t\t\t<\/div>\n\t\t\t\t\t\t\t<div class=\"elementor-accordion-item\">\n\t\t\t\t\t<div id=\"elementor-tab-title-1955\" class=\"elementor-tab-title\" data-tab=\"5\" role=\"button\" aria-controls=\"elementor-tab-content-1955\" aria-expanded=\"false\">\n\t\t\t\t\t\t\t\t\t\t\t\t\t<span class=\"elementor-accordion-icon elementor-accordion-icon-left\" aria-hidden=\"true\">\n\t\t\t\t\t\t\t\t\t\t\t\t\t\t\t<span class=\"elementor-accordion-icon-closed\"><i class=\"fas fa-plus\"><\/i><\/span>\n\t\t\t\t\t\t\t\t<span class=\"elementor-accordion-icon-opened\"><i class=\"fas fa-minus\"><\/i><\/span>\n\t\t\t\t\t\t\t\t\t\t\t\t\t\t<\/span>\n\t\t\t\t\t\t\t\t\t\t\t\t<a class=\"elementor-accordion-title\" tabindex=\"0\">Lightpainting Teil 2 (Karlsaue Kassel) am 30.03.2022<\/a>\n\t\t\t\t\t<\/div>\n\t\t\t\t\t<div id=\"elementor-tab-content-1955\" class=\"elementor-tab-content elementor-clearfix\" data-tab=\"5\" role=\"region\" aria-labelledby=\"elementor-tab-title-1955\"><p>Nach den Erfahrungen der Vorwoche verabredeten wir uns f\u00fcr eine Woche sp\u00e4ter in der Karlsaue Kassel, um das bereits gelernte in anderer Location umzusetzen und auch Neues auszuprobieren. Die ausreichende Dunkelheit lie\u00df zun\u00e4chst noch auf sich warten, so dass wir zur Zeit\u00fcberbr\u00fcckung zun\u00e4chst noch einige Versuche unternahmen Baumbl\u00fcten im Sonnenuntergang aufzunehmen. Gegen 21.00 Uhr konnte es aber schlie\u00dflich mit dem echten Lightpainting losgehen. In verschiedenen Posen versuchten wir u.a. Bewegung und Verbindung mit Licht darzustellen. Den Abschluss bildeten Lichtspiele auf der Karlswiese vor der beleuchteten Organgerie. An diesen Abend waren auch wieder einige befreundete Hobbyfotografen mit zu Gast und es entstanden zahlreiche kreative Bilder nach dem Motto \u201eNur \u00dcbung macht den Meister\u201c!<\/p>\n<p>\u00a0 \u00a0 \u00a0 \u00a0 \u00a0 \u00a0 <img loading=\"lazy\" loading=\"lazy\" decoding=\"async\" class=\"alignnone size-medium wp-image-475\" src=\"https:\/\/fotoverein-goldener-schnitt.de\/wp-content\/uploads\/2023\/12\/Lightpainting2-300x200.jpg\" alt=\"\" width=\"300\" height=\"200\" \/> <img loading=\"lazy\" loading=\"lazy\" decoding=\"async\" class=\"alignnone size-medium wp-image-474\" src=\"https:\/\/fotoverein-goldener-schnitt.de\/wp-content\/uploads\/2023\/12\/Lightpainting3-200x300.jpg\" alt=\"\" width=\"200\" height=\"300\" \/> <img loading=\"lazy\" loading=\"lazy\" decoding=\"async\" class=\"alignnone size-medium wp-image-473\" src=\"https:\/\/fotoverein-goldener-schnitt.de\/wp-content\/uploads\/2023\/12\/Lightpainting4-200x300.jpg\" alt=\"\" width=\"200\" height=\"300\" \/> <img loading=\"lazy\" loading=\"lazy\" decoding=\"async\" class=\"alignnone size-medium wp-image-472\" src=\"https:\/\/fotoverein-goldener-schnitt.de\/wp-content\/uploads\/2023\/12\/Lightpainting10-300x200.jpg\" alt=\"\" width=\"300\" height=\"200\" \/> <img loading=\"lazy\" loading=\"lazy\" decoding=\"async\" class=\"alignnone size-medium wp-image-471\" src=\"https:\/\/fotoverein-goldener-schnitt.de\/wp-content\/uploads\/2023\/12\/Lightpainting13-300x200.jpg\" alt=\"\" width=\"300\" height=\"200\" \/> <img loading=\"lazy\" loading=\"lazy\" decoding=\"async\" class=\"alignnone size-medium wp-image-470\" src=\"https:\/\/fotoverein-goldener-schnitt.de\/wp-content\/uploads\/2023\/12\/Lightpainting12-300x147.jpg\" alt=\"\" width=\"300\" height=\"147\" \/> <img loading=\"lazy\" loading=\"lazy\" decoding=\"async\" class=\"alignnone size-medium wp-image-469\" src=\"https:\/\/fotoverein-goldener-schnitt.de\/wp-content\/uploads\/2023\/12\/Lightpainting8-300x300.jpg\" alt=\"\" width=\"300\" height=\"300\" \/> <img loading=\"lazy\" loading=\"lazy\" decoding=\"async\" class=\"alignnone size-medium wp-image-464\" src=\"https:\/\/fotoverein-goldener-schnitt.de\/wp-content\/uploads\/2023\/12\/Lightpainting1-300x200.jpg\" alt=\"\" width=\"300\" height=\"200\" \/> <img loading=\"lazy\" loading=\"lazy\" decoding=\"async\" class=\"alignnone size-medium wp-image-468\" src=\"https:\/\/fotoverein-goldener-schnitt.de\/wp-content\/uploads\/2023\/12\/Lightpainting5-300x200.jpg\" alt=\"\" width=\"300\" height=\"200\" \/> <img loading=\"lazy\" loading=\"lazy\" decoding=\"async\" class=\"alignnone size-medium wp-image-467\" src=\"https:\/\/fotoverein-goldener-schnitt.de\/wp-content\/uploads\/2023\/12\/Lightpainting9-300x200.jpg\" alt=\"\" width=\"300\" height=\"200\" \/> <img loading=\"lazy\" loading=\"lazy\" decoding=\"async\" class=\"alignnone size-medium wp-image-466\" src=\"https:\/\/fotoverein-goldener-schnitt.de\/wp-content\/uploads\/2023\/12\/Lightpainting6-300x300.jpg\" alt=\"\" width=\"300\" height=\"300\" \/> <img loading=\"lazy\" loading=\"lazy\" decoding=\"async\" class=\"alignnone size-medium wp-image-465\" src=\"https:\/\/fotoverein-goldener-schnitt.de\/wp-content\/uploads\/2023\/12\/Lightpainting11-300x200.jpg\" alt=\"\" width=\"300\" height=\"200\" \/> <img loading=\"lazy\" loading=\"lazy\" decoding=\"async\" class=\"alignnone size-medium wp-image-463\" src=\"https:\/\/fotoverein-goldener-schnitt.de\/wp-content\/uploads\/2023\/12\/Lightpainting7-300x300.jpg\" alt=\"\" width=\"300\" height=\"300\" \/><\/p><\/div>\n\t\t\t\t<\/div>\n\t\t\t\t\t\t\t\t<\/div>\n\t\t\t\t<\/div>\n\t\t\t\t<\/div>\n\t\t\t\t\t<\/div>\n\t\t\t\t<\/div>\n\t\t<div class=\"elementor-element elementor-element-9176c3f e-flex e-con-boxed e-con e-parent\" data-id=\"9176c3f\" data-element_type=\"container\" data-settings=\"{&quot;content_width&quot;:&quot;boxed&quot;}\" data-core-v316-plus=\"true\">\n\t\t\t\t\t<div class=\"e-con-inner\">\n\t\t\t\t\t<\/div>\n\t\t\t\t<\/div>\n\t\t\t\t\t\t\t<\/div>\n\t\t","protected":false},"excerpt":{"rendered":"<p>Blog Lightroom Kurs mit Stefan 07.02.2024 In einer spannenden und lehrreichen Veranstaltung wurde gestern im Vereinssaal ein Kurs angeboten, der vom Vereinsmitglied Stefan geleitet wurde. Die Teilnehmer wurden in eine Welt voller neuer Erkenntnisse, Tipps und Tricks eingef\u00fchrt, die sie nicht nur bereicherten, sondern auch f\u00fcr zuk\u00fcnftige Herausforderungen st\u00e4rkten. Stefan, der seine langj\u00e4hrige Erfahrung und [&hellip;]<\/p>\n","protected":false},"author":1,"featured_media":0,"parent":0,"menu_order":0,"comment_status":"closed","ping_status":"closed","template":"elementor_header_footer","meta":{"_et_pb_use_builder":"on","_et_pb_old_content":"","_et_gb_content_width":"","footnotes":""},"class_list":["post-435","page","type-page","status-publish","hentry"],"_links":{"self":[{"href":"https:\/\/fotoverein-goldener-schnitt.de\/index.php?rest_route=\/wp\/v2\/pages\/435","targetHints":{"allow":["GET"]}}],"collection":[{"href":"https:\/\/fotoverein-goldener-schnitt.de\/index.php?rest_route=\/wp\/v2\/pages"}],"about":[{"href":"https:\/\/fotoverein-goldener-schnitt.de\/index.php?rest_route=\/wp\/v2\/types\/page"}],"author":[{"embeddable":true,"href":"https:\/\/fotoverein-goldener-schnitt.de\/index.php?rest_route=\/wp\/v2\/users\/1"}],"replies":[{"embeddable":true,"href":"https:\/\/fotoverein-goldener-schnitt.de\/index.php?rest_route=%2Fwp%2Fv2%2Fcomments&post=435"}],"version-history":[{"count":10,"href":"https:\/\/fotoverein-goldener-schnitt.de\/index.php?rest_route=\/wp\/v2\/pages\/435\/revisions"}],"predecessor-version":[{"id":2397,"href":"https:\/\/fotoverein-goldener-schnitt.de\/index.php?rest_route=\/wp\/v2\/pages\/435\/revisions\/2397"}],"wp:attachment":[{"href":"https:\/\/fotoverein-goldener-schnitt.de\/index.php?rest_route=%2Fwp%2Fv2%2Fmedia&parent=435"}],"curies":[{"name":"wp","href":"https:\/\/api.w.org\/{rel}","templated":true}]}}