{"id":68,"date":"2023-11-26T20:23:36","date_gmt":"2023-11-26T19:23:36","guid":{"rendered":"http:\/\/hochhaus4.alfahosting.org\/?page_id=68"},"modified":"2023-11-29T19:13:14","modified_gmt":"2023-11-29T18:13:14","slug":"impressum-datenschutz","status":"publish","type":"page","link":"https:\/\/fotoverein-goldener-schnitt.de\/?page_id=68","title":{"rendered":"Impressum \/ Datenschutz"},"content":{"rendered":"\t\t<div data-elementor-type=\"wp-page\" data-elementor-id=\"68\" class=\"elementor elementor-68\" data-elementor-post-type=\"page\">\n\t\t\t\t\t\t\t<div class=\"elementor-element elementor-element-1186f111 e-flex e-con-boxed e-con e-parent\" data-id=\"1186f111\" data-element_type=\"container\" data-settings=\"{&quot;content_width&quot;:&quot;boxed&quot;}\" data-core-v316-plus=\"true\">\n\t\t\t\t\t<div class=\"e-con-inner\">\n\t\t\t\t<div class=\"elementor-element elementor-element-6a3f12e4 elementor-widget elementor-widget-text-editor\" data-id=\"6a3f12e4\" data-element_type=\"widget\" data-widget_type=\"text-editor.default\">\n\t\t\t\t<div class=\"elementor-widget-container\">\n\t\t\t<style>\/*! elementor - v3.17.0 - 25-10-2023 *\/\n.elementor-widget-text-editor.elementor-drop-cap-view-stacked .elementor-drop-cap{background-color:#69727d;color:#fff}.elementor-widget-text-editor.elementor-drop-cap-view-framed .elementor-drop-cap{color:#69727d;border:3px solid;background-color:transparent}.elementor-widget-text-editor:not(.elementor-drop-cap-view-default) .elementor-drop-cap{margin-top:8px}.elementor-widget-text-editor:not(.elementor-drop-cap-view-default) .elementor-drop-cap-letter{width:1em;height:1em}.elementor-widget-text-editor .elementor-drop-cap{float:left;text-align:center;line-height:1;font-size:50px}.elementor-widget-text-editor .elementor-drop-cap-letter{display:inline-block}<\/style>\t\t\t\t<!-- wp:divi\/placeholder \/-->\t\t\t\t\t\t<\/div>\n\t\t\t\t<\/div>\n\t\t\t\t\t<\/div>\n\t\t\t\t<\/div>\n\t\t<div class=\"elementor-element elementor-element-94e133f e-flex e-con-boxed e-con e-parent\" data-id=\"94e133f\" data-element_type=\"container\" data-settings=\"{&quot;content_width&quot;:&quot;boxed&quot;}\" data-core-v316-plus=\"true\">\n\t\t\t\t\t<div class=\"e-con-inner\">\n\t\t\t\t<div class=\"elementor-element elementor-element-40f074c elementor-widget elementor-widget-text-editor\" data-id=\"40f074c\" data-element_type=\"widget\" data-widget_type=\"text-editor.default\">\n\t\t\t\t<div class=\"elementor-widget-container\">\n\t\t\t\t\t\t\t<p><!-- wp:heading {\"fontSize\":\"x-large\"} --><\/p>\n<h2 class=\"wp-block-heading has-x-large-font-size\">Impressum \/ Datenschutz<\/h2>\n<p><!-- \/wp:heading --> <!-- wp:paragraph --><\/p>\n<p>Haftungshinweis:<br \/>Trotz sorgf\u00e4ltiger inhaltlicher Kontrolle \u00fcbernehmen wir keine Haftung f\u00fcr die Inhalte externer Links.<br \/>F\u00fcr den Inhalt der verlinkten Seiten sind ausschlie\u00dflich deren Betreiber verantwortlich.<\/p>\n<p><!-- \/wp:paragraph --> <!-- wp:paragraph --><\/p>\n<p>Urherberrecht:<br \/>Eventuell verwendete fremde Produktbezeichnungen bzw. Logos sind eingetragene Warenzeichen der jeweiligen Hersteller oder stehen unter dessen Urheberrechtschutz.<\/p>\n<p><!-- \/wp:paragraph --> <!-- wp:paragraph --><\/p>\n<p><strong>Datenschutzerkl\u00e4rung<\/strong><\/p>\n<p><!-- \/wp:paragraph --> <!-- wp:heading {\"level\":3} --><\/p>\n<h3 class=\"wp-block-heading\">Allgemeine Hinweise<\/h3>\n<p><!-- \/wp:heading --> <!-- wp:paragraph --><\/p>\n<p>Die folgenden Hinweise geben einen einfachen \u00dcberblick dar\u00fcber, was mit Ihren personenbezogenen Daten passiert, wenn Sie unsere Website besuchen.<\/p>\n<p><!-- \/wp:paragraph --> <!-- wp:paragraph --><\/p>\n<p>Personenbezogene Daten sind alle Daten, mit denen Sie pers\u00f6nlich identifiziert werden k\u00f6nnen.<\/p>\n<p><!-- \/wp:paragraph --> <!-- wp:paragraph --><\/p>\n<p>Ausf\u00fchrliche Informationen zum Thema Datenschutz entnehmen Sie unserer unter diesem Text aufgef\u00fchrten Datenschutzerkl\u00e4rung.<\/p>\n<p><!-- \/wp:paragraph --> <!-- wp:paragraph --><\/p>\n<p><strong>Datenerfassung auf unserer Website<\/strong><\/p>\n<p><!-- \/wp:paragraph --> <!-- wp:paragraph --><\/p>\n<p><strong>Wer ist verantwortlich f\u00fcr die Datenerfassung auf dieser Website?<\/strong><\/p>\n<p><!-- \/wp:paragraph --> <!-- wp:paragraph --><\/p>\n<p>Die Datenverarbeitung auf dieser Website erfolgt durch den Websitebetreiber. Dessen Kontaktdaten k\u00f6nnen Sie dem Impressum unter Kontakt dieser Website entnehmen.<\/p>\n<p><!-- \/wp:paragraph --> <!-- wp:paragraph --><\/p>\n<p>Diese Website enth\u00e4lt kein Login-Bereich f\u00fcr Besucher.<\/p>\n<p><!-- \/wp:paragraph --> <!-- wp:paragraph --><\/p>\n<p>Es werden nur Informationen zum Betrachten zur Verf\u00fcgung gestellt, mit denen sich der Verein und deren Mitglieder pr\u00e4sentieren m\u00f6chten.<\/p>\n<p><!-- \/wp:paragraph --> <!-- wp:paragraph --><\/p>\n<p>Die Email-Adressen sind keine Links und m\u00fcssen in einem entsprechenden Programm manuell eingegeben werden.<\/p>\n<p><!-- \/wp:paragraph --> <!-- wp:paragraph --><\/p>\n<p>F\u00fcr die in den Links angegebenen Websiten gelten deren entsprechenden Datenschutzerkl\u00e4rungen.<\/p>\n<p><!-- \/wp:paragraph --> <!-- wp:heading {\"level\":4} --><\/p>\n<h4 class=\"wp-block-heading\">Beschreibung und Umfang der Datenverarbeitung<\/h4>\n<p><!-- \/wp:heading --> <!-- wp:paragraph --><\/p>\n<p>Bei jedem Aufruf unserer Internetseite erfasst unser System automatisiert Daten und Informationen vom Computersystem des aufrufenden Rechners. Folgende Daten werden hierbei erhoben:<\/p>\n<p><!-- \/wp:paragraph --> <!-- wp:list {\"ordered\":true} --><\/p>\n<ol><!-- wp:list-item -->\n<li>Informationen \u00fcber den Browsertyp und die verwendete Version<\/li>\n<!-- \/wp:list-item --> <!-- wp:list-item -->\n<li>Das Betriebssystem des Nutzers<\/li>\n<!-- \/wp:list-item --> <!-- wp:list-item -->\n<li>Den Internet-Service-Provider des Nutzers<\/li>\n<!-- \/wp:list-item --> <!-- wp:list-item -->\n<li>Die IP-Adresse des Nutzers<\/li>\n<!-- \/wp:list-item --> <!-- wp:list-item -->\n<li>Datum und Uhrzeit des Zugriffs<\/li>\n<!-- \/wp:list-item --> <!-- wp:list-item -->\n<li>Websites, von denen das System des Nutzers auf unsere Internetseite gelangt<\/li>\n<!-- \/wp:list-item --> <!-- wp:list-item -->\n<li>Websites, die vom System des Nutzers \u00fcber unsere Website aufgerufen werden<\/li>\n<!-- \/wp:list-item --><\/ol>\n<p><!-- \/wp:list --> <!-- wp:paragraph --><\/p>\n<p>Die Daten werden ebenfalls in den Logfiles unseres Systems gespeichert. Nicht hiervon betroffen sind die IP-Adressen des Nutzers oder andere Daten, die die Zuordnung der Daten zu einem Nutzer erm\u00f6glichen. Eine Speicherung dieser Daten zusammen mit anderen personenbezogenen Daten des Nutzers findet nicht statt.<\/p>\n<p><!-- \/wp:paragraph --> <!-- wp:heading {\"level\":4} --><\/p>\n<h4 class=\"wp-block-heading\">\u00a0<\/h4>\n<p><!-- \/wp:heading --> <!-- wp:heading {\"level\":4} --><\/p>\n<h4 class=\"wp-block-heading\">Rechtsgrundlage f\u00fcr die Datenverarbeitung<\/h4>\n<p><!-- \/wp:heading --> <!-- wp:paragraph --><\/p>\n<p>Rechtsgrundlage f\u00fcr die vor\u00fcbergehende Speicherung der Daten ist Art. 6 Abs. 1 lit. f DSGVO.<\/p>\n<p><!-- \/wp:paragraph --> <!-- wp:heading {\"level\":4} --><\/p>\n<h4 class=\"wp-block-heading\">Zweck der Datenverarbeitung<\/h4>\n<p><!-- \/wp:heading --> <!-- wp:paragraph --><\/p>\n<p>Die vor\u00fcbergehende Speicherung der IP-Adresse durch das System ist notwendig, um eine Auslieferung der Website an den Rechner des Nutzers zu erm\u00f6glichen. Hierf\u00fcr muss die IP-Adresse des Nutzers f\u00fcr die Dauer der Sitzung gespeichert bleiben.<\/p>\n<p><!-- \/wp:paragraph --> <!-- wp:paragraph --><\/p>\n<p>In diesen Zwecken liegt auch unser berechtigtes Interesse an der Datenverarbeitung nach Art. 6 Abs. 1 lit. f DSGVO.<\/p>\n<p><!-- \/wp:paragraph --> <!-- wp:heading {\"level\":4} --><\/p>\n<h4 class=\"wp-block-heading\">Dauer der Speicherung<\/h4>\n<p><!-- \/wp:heading --> <!-- wp:paragraph --><\/p>\n<p>Die Daten werden gel\u00f6scht, sobald sie f\u00fcr die Erreichung des Zweckes ihrer Erhebung nicht mehr erforderlich sind. Im Falle der Erfassung der Daten zur Bereitstellung der Website ist dies der Fall, wenn die jeweilige Sitzung beendet ist.<\/p>\n<p><!-- \/wp:paragraph --> <!-- wp:heading {\"level\":4} --><\/p>\n<h4 class=\"wp-block-heading\">Widerspruchs- und Beseitigungsm\u00f6glichkeit<\/h4>\n<p><!-- \/wp:heading --> <!-- wp:paragraph --><\/p>\n<p>Die Erfassung der Daten zur Bereitstellung der Website und die Speicherung der Daten in Logfiles ist f\u00fcr den Betrieb der Internetseite zwingend erforderlich. Es besteht folglich seitens des Nutzers keine Widerspruchsm\u00f6glichkeit.<\/p>\n<p><!-- \/wp:paragraph --> <!-- wp:heading {\"level\":3} --><\/p>\n<h3 class=\"wp-block-heading\">Verwendung von Cookies<\/h3>\n<p><!-- \/wp:heading --> <!-- wp:heading {\"level\":4} --><\/p>\n<h4 class=\"wp-block-heading\">Beschreibung und Umfang der Datenverarbeitung<\/h4>\n<p><!-- \/wp:heading --> <!-- wp:paragraph --><\/p>\n<p>Unsere Webseite verwendet Cookies. Bei Cookies handelt es sich um Textdateien, die im Internetbrowser bzw. vom Internetbrowser auf dem Computersystem des Nutzers gespeichert werden. Ruft ein Nutzer eine Website auf, so kann ein Cookie auf dem Betriebssystem des Nutzers gespeichert werden. Dieser Cookie enth\u00e4lt eine charakteristische Zeichenfolge, die eine eindeutige Identifizierung des Browsers beim erneuten Aufrufen der Website erm\u00f6glicht.<\/p>\n<p><!-- \/wp:paragraph --> <!-- wp:paragraph --><\/p>\n<p>Wir setzen Cookies ein, um unsere Website nutzerfreundlicher zu gestalten. Einige Elemente unserer Internetseite erfordern es, dass der aufrufende Browser auch nach einem Seitenwechsel identifiziert werden kann.<\/p>\n<p><!-- \/wp:paragraph --> <!-- wp:paragraph --><\/p>\n<p>Wir verwenden auf unserer Website dar\u00fcber hinaus Cookies, die eine Analyse des Surfverhaltens der Nutzer erm\u00f6glichen.<br \/>Auf diese Weise k\u00f6nnen folgende Daten \u00fcbermittelt werden:<\/p>\n<p><!-- \/wp:paragraph --> <!-- wp:list {\"ordered\":true} --><\/p>\n<ol><!-- wp:list-item -->\n<li>Eingegebene Suchbegriffe<\/li>\n<!-- \/wp:list-item --> <!-- wp:list-item -->\n<li>H\u00e4ufigkeit von Seitenaufrufen<\/li>\n<!-- \/wp:list-item --> <!-- wp:list-item -->\n<li>Inanspruchnahme von Website-Funktionen<\/li>\n<!-- \/wp:list-item --><\/ol>\n<p><!-- \/wp:list --> <!-- wp:heading {\"level\":4} --><\/p>\n<h4 class=\"wp-block-heading\">\u00a0<\/h4>\n<p><!-- \/wp:heading --> <!-- wp:heading {\"level\":4} --><\/p>\n<h4 class=\"wp-block-heading\">Rechtsgrundlage f\u00fcr die Datenverarbeitung<\/h4>\n<p><!-- \/wp:heading --> <!-- wp:paragraph --><\/p>\n<p>Die Rechtsgrundlage f\u00fcr die Verarbeitung personenbezogener Daten unter Verwendung von Cookies ist Art. 6 Abs. 1 lit. f DSGVO.<\/p>\n<p><!-- \/wp:paragraph --> <!-- wp:heading {\"level\":4} --><\/p>\n<h4 class=\"wp-block-heading\">\u00a0<\/h4>\n<p><!-- \/wp:heading --> <!-- wp:heading {\"level\":4} --><\/p>\n<h4 class=\"wp-block-heading\">Zweck der Datenverarbeitung<\/h4>\n<p><!-- \/wp:heading --> <!-- wp:paragraph --><\/p>\n<p>Der Zweck der Verwendung technisch notwendiger Cookies ist, die Nutzung von Websites f\u00fcr die Nutzer zu vereinfachen. Einige Funktionen unserer Internetseite k\u00f6nnen ohne den Einsatz von Cookies nicht angeboten werden. F\u00fcr diese ist es erforderlich, dass der Browser auch nach einem Seitenwechsel wiedererkannt wird.<\/p>\n<p><!-- \/wp:paragraph --> <!-- wp:heading {\"level\":4} --><\/p>\n<h4 class=\"wp-block-heading\">Dauer der Speicherung<\/h4>\n<p><!-- \/wp:heading --> <!-- wp:paragraph --><\/p>\n<p>Die Daten werden gel\u00f6scht, sobald sie f\u00fcr die Erreichung des Zweckes ihrer Erhebung nicht mehr erforderlich sind. F\u00fcr die personenbezogenen Daten aus der E-Mail ist dies dann der Fall, wenn die jeweilige Konversation mit dem Nutzer beendet ist. Beendet ist die Konversation dann, wenn sich aus den Umst\u00e4nden entnehmen l\u00e4sst, dass der betroffene Sachverhalt abschlie\u00dfend gekl\u00e4rt ist.<\/p>\n<p><!-- \/wp:paragraph --> <!-- wp:heading {\"level\":4} --><\/p>\n<h4 class=\"wp-block-heading\">\u00a0<\/h4>\n<p><!-- \/wp:heading --> <!-- wp:heading {\"level\":4} --><\/p>\n<h4 class=\"wp-block-heading\">Widerspruchs- und Beseitigungsm\u00f6glichkeit<\/h4>\n<p><!-- \/wp:heading --> <!-- wp:paragraph --><\/p>\n<p>Der Nutzer hat jederzeit die M\u00f6glichkeit, seine Einwilligung zur Verarbeitung der personenbezogenen Daten zu widerrufen. Nimmt der Nutzer per E-Mail Kontakt mit uns auf, so kann er der Speicherung seiner personenbezogenen Daten jederzeit widersprechen. In einem solchen Fall kann die Konversation nicht fortgef\u00fchrt werden.<\/p>\n<p><!-- \/wp:paragraph --> <!-- wp:paragraph --><\/p>\n<p>Schicken Sie hierzu einfach eine entsprechende E-Mail an die oben genannte Adresse.<\/p>\n<p><!-- \/wp:paragraph --> <!-- wp:paragraph --><\/p>\n<p>Alle personenbezogenen Daten, die im Zuge der Kontaktaufnahme gespeichert wurden, werden in diesem Fall gel\u00f6scht.<\/p>\n<p><!-- \/wp:paragraph --> <!-- wp:heading --><\/p>\n<h2 class=\"wp-block-heading\"><strong>Datenschutzbestimmungen zu Einsatz und Verwendung von Facebook<\/strong><\/h2>\n<p><!-- \/wp:heading --> <!-- wp:paragraph --><\/p>\n<p>Unser Internetauftritt verlinkt Services des sozialen Netzwerkes facebook.com, welches von der Facebook Inc., 1601 S. California Ave, Palo Alto, CA 94304, USA betrieben wird. Beim Besuch unseres Internet-Auftritts werden keine Daten an Facebook \u00fcbertragen, da keine Plugins von Facebook eingebunden sind.<\/p>\n<p><!-- \/wp:paragraph --> <!-- wp:paragraph --><\/p>\n<p>Bei einem Klick auf einen Facebook-Link oder Facebook-Button gelangen Sie jedoch zu Facebook und dort werden Daten durch Facebook erhoben. Wir haben keinen Einfluss auf den Umfang der Daten, die Facebook erhebt.<\/p>\n<p><!-- \/wp:paragraph --> <!-- wp:paragraph --><\/p>\n<p>Zweck und Umfang der Datenerhebung und die weitere Verarbeitung und Nutzung der Daten durch Facebook sowie Ihre diesbez\u00fcglichen Rechte und Einstellungsm\u00f6glichkeiten zum Schutz Ihrer Privatsph\u00e4re entnehmen Sie bitte den<\/p>\n<p><!-- \/wp:paragraph --> <!-- wp:paragraph --><\/p>\n<p><a href=\"https:\/\/www.facebook.com\/policy.php\">Datenschutzhinweisen von Facebook<\/a>.<\/p>\n<p><!-- \/wp:paragraph --> <!-- wp:paragraph --><\/p>\n<p>Wenn Sie bei Facebook Mitglied sind und nicht m\u00f6chten, dass Facebook Daten \u00fcber Sie sammelt und mit Ihren bei Facebook gespeicherten Mitgliedsdaten verkn\u00fcpft, m\u00fcssen Sie sich vor dem Klick auf einen Facebook-Link oder einen Facebook-Button bei Facebook ausloggen.<\/p>\n<p><!-- \/wp:paragraph --><\/p>\t\t\t\t\t\t<\/div>\n\t\t\t\t<\/div>\n\t\t\t\t\t<\/div>\n\t\t\t\t<\/div>\n\t\t\t\t\t\t\t<\/div>\n\t\t","protected":false},"excerpt":{"rendered":"<p>Impressum \/ Datenschutz Haftungshinweis:Trotz sorgf\u00e4ltiger inhaltlicher Kontrolle \u00fcbernehmen wir keine Haftung f\u00fcr die Inhalte externer Links.F\u00fcr den Inhalt der verlinkten Seiten sind ausschlie\u00dflich deren Betreiber verantwortlich. Urherberrecht:Eventuell verwendete fremde Produktbezeichnungen bzw. Logos sind eingetragene Warenzeichen der jeweiligen Hersteller oder stehen unter dessen Urheberrechtschutz. Datenschutzerkl\u00e4rung Allgemeine Hinweise Die folgenden Hinweise geben einen einfachen \u00dcberblick dar\u00fcber, was [&hellip;]<\/p>\n","protected":false},"author":1,"featured_media":0,"parent":0,"menu_order":0,"comment_status":"closed","ping_status":"closed","template":"elementor_header_footer","meta":{"_et_pb_use_builder":"","_et_pb_old_content":"","_et_gb_content_width":"","footnotes":""},"class_list":["post-68","page","type-page","status-publish","hentry"],"_links":{"self":[{"href":"https:\/\/fotoverein-goldener-schnitt.de\/index.php?rest_route=\/wp\/v2\/pages\/68","targetHints":{"allow":["GET"]}}],"collection":[{"href":"https:\/\/fotoverein-goldener-schnitt.de\/index.php?rest_route=\/wp\/v2\/pages"}],"about":[{"href":"https:\/\/fotoverein-goldener-schnitt.de\/index.php?rest_route=\/wp\/v2\/types\/page"}],"author":[{"embeddable":true,"href":"https:\/\/fotoverein-goldener-schnitt.de\/index.php?rest_route=\/wp\/v2\/users\/1"}],"replies":[{"embeddable":true,"href":"https:\/\/fotoverein-goldener-schnitt.de\/index.php?rest_route=%2Fwp%2Fv2%2Fcomments&post=68"}],"version-history":[{"count":7,"href":"https:\/\/fotoverein-goldener-schnitt.de\/index.php?rest_route=\/wp\/v2\/pages\/68\/revisions"}],"predecessor-version":[{"id":243,"href":"https:\/\/fotoverein-goldener-schnitt.de\/index.php?rest_route=\/wp\/v2\/pages\/68\/revisions\/243"}],"wp:attachment":[{"href":"https:\/\/fotoverein-goldener-schnitt.de\/index.php?rest_route=%2Fwp%2Fv2%2Fmedia&parent=68"}],"curies":[{"name":"wp","href":"https:\/\/api.w.org\/{rel}","templated":true}]}}