{"id":84,"date":"2023-11-27T00:05:54","date_gmt":"2023-11-26T23:05:54","guid":{"rendered":"http:\/\/hochhaus4.alfahosting.org\/?page_id=84"},"modified":"2024-01-06T13:34:38","modified_gmt":"2024-01-06T12:34:38","slug":"mach-mit","status":"publish","type":"page","link":"https:\/\/fotoverein-goldener-schnitt.de\/?page_id=84","title":{"rendered":"Mach mit"},"content":{"rendered":"\t\t<div data-elementor-type=\"wp-page\" data-elementor-id=\"84\" class=\"elementor elementor-84\" data-elementor-post-type=\"page\">\n\t\t\t\t\t\t\t<div class=\"elementor-element elementor-element-4219c760 e-flex e-con-boxed e-con e-parent\" data-id=\"4219c760\" data-element_type=\"container\" data-settings=\"{&quot;content_width&quot;:&quot;boxed&quot;}\" data-core-v316-plus=\"true\">\n\t\t\t\t\t<div class=\"e-con-inner\">\n\t\t\t\t<div class=\"elementor-element elementor-element-699fcceb elementor-widget elementor-widget-text-editor\" data-id=\"699fcceb\" data-element_type=\"widget\" data-widget_type=\"text-editor.default\">\n\t\t\t\t<div class=\"elementor-widget-container\">\n\t\t\t<style>\/*! elementor - v3.17.0 - 25-10-2023 *\/\n.elementor-widget-text-editor.elementor-drop-cap-view-stacked .elementor-drop-cap{background-color:#69727d;color:#fff}.elementor-widget-text-editor.elementor-drop-cap-view-framed .elementor-drop-cap{color:#69727d;border:3px solid;background-color:transparent}.elementor-widget-text-editor:not(.elementor-drop-cap-view-default) .elementor-drop-cap{margin-top:8px}.elementor-widget-text-editor:not(.elementor-drop-cap-view-default) .elementor-drop-cap-letter{width:1em;height:1em}.elementor-widget-text-editor .elementor-drop-cap{float:left;text-align:center;line-height:1;font-size:50px}.elementor-widget-text-editor .elementor-drop-cap-letter{display:inline-block}<\/style>\t\t\t\t<!-- wp:divi\/placeholder \/-->\t\t\t\t\t\t<\/div>\n\t\t\t\t<\/div>\n\t\t\t\t\t<\/div>\n\t\t\t\t<\/div>\n\t\t<div class=\"elementor-element elementor-element-ae4072f e-flex e-con-boxed e-con e-parent\" data-id=\"ae4072f\" data-element_type=\"container\" data-settings=\"{&quot;content_width&quot;:&quot;boxed&quot;}\" data-core-v316-plus=\"true\">\n\t\t\t\t\t<div class=\"e-con-inner\">\n\t\t\t\t<div class=\"elementor-element elementor-element-329e010 elementor-widget elementor-widget-heading\" data-id=\"329e010\" data-element_type=\"widget\" data-widget_type=\"heading.default\">\n\t\t\t\t<div class=\"elementor-widget-container\">\n\t\t\t<style>\/*! elementor - v3.17.0 - 25-10-2023 *\/\n.elementor-heading-title{padding:0;margin:0;line-height:1}.elementor-widget-heading .elementor-heading-title[class*=elementor-size-]>a{color:inherit;font-size:inherit;line-height:inherit}.elementor-widget-heading .elementor-heading-title.elementor-size-small{font-size:15px}.elementor-widget-heading .elementor-heading-title.elementor-size-medium{font-size:19px}.elementor-widget-heading .elementor-heading-title.elementor-size-large{font-size:29px}.elementor-widget-heading .elementor-heading-title.elementor-size-xl{font-size:39px}.elementor-widget-heading .elementor-heading-title.elementor-size-xxl{font-size:59px}<\/style><h2 class=\"elementor-heading-title elementor-size-default\">Mach mit und werde Teil von Uns<\/h2>\t\t<\/div>\n\t\t\t\t<\/div>\n\t\t\t\t\t<\/div>\n\t\t\t\t<\/div>\n\t\t<div class=\"elementor-element elementor-element-20b493e e-flex e-con-boxed e-con e-parent\" data-id=\"20b493e\" data-element_type=\"container\" data-settings=\"{&quot;content_width&quot;:&quot;boxed&quot;}\" data-core-v316-plus=\"true\">\n\t\t\t\t\t<div class=\"e-con-inner\">\n\t\t<div class=\"elementor-element elementor-element-312e356 e-con-full e-flex e-con e-child\" data-id=\"312e356\" data-element_type=\"container\" data-settings=\"{&quot;content_width&quot;:&quot;full&quot;}\">\n\t\t\t\t<div class=\"elementor-element elementor-element-712dcdd elementor-widget elementor-widget-text-editor\" data-id=\"712dcdd\" data-element_type=\"widget\" data-widget_type=\"text-editor.default\">\n\t\t\t\t<div class=\"elementor-widget-container\">\n\t\t\t\t\t\t\t<p>Hallo liebe Fotografie-Enthusiasten,<\/p>\n<p>Bist du leidenschaftlich daran interessiert, die Welt durch die Linse zu erfassen? Unser Fotoverein l\u00e4dt dich herzlich ein, Teil einer lebendigen Gemeinschaft von Gleichgesinnten zu werden. Hier kannst du deine Leidenschaft f\u00fcr Fotografie entfalten, dein Wissen teilen und von anderen lernen.<\/p>\n<p>Unsere Treffen bieten die perfekte Plattform, um sich auszutauschen, neue Techniken zu erlernen und gemeinsam auf Fototouren die Welt zu erkunden. Egal, ob du Anf\u00e4nger bist oder bereits Erfahrung hast, bei uns findest du Raum f\u00fcr Kreativit\u00e4t, Inspiration und Freundschaft.<\/p>\t\t\t\t\t\t<\/div>\n\t\t\t\t<\/div>\n\t\t\t\t<\/div>\n\t\t<div class=\"elementor-element elementor-element-cd59a5b e-con-full e-flex e-con e-child\" data-id=\"cd59a5b\" data-element_type=\"container\" data-settings=\"{&quot;content_width&quot;:&quot;full&quot;}\">\n\t\t\t\t<div class=\"elementor-element elementor-element-6981793 elementor--h-position-center elementor--v-position-middle elementor-arrows-position-inside elementor-pagination-position-inside elementor-widget elementor-widget-slides\" data-id=\"6981793\" data-element_type=\"widget\" data-settings=\"{&quot;navigation&quot;:&quot;both&quot;,&quot;autoplay&quot;:&quot;yes&quot;,&quot;pause_on_hover&quot;:&quot;yes&quot;,&quot;pause_on_interaction&quot;:&quot;yes&quot;,&quot;autoplay_speed&quot;:5000,&quot;infinite&quot;:&quot;yes&quot;,&quot;transition&quot;:&quot;slide&quot;,&quot;transition_speed&quot;:500}\" data-widget_type=\"slides.default\">\n\t\t\t\t<div class=\"elementor-widget-container\">\n\t\t\t<style>\/*! elementor-pro - v3.17.0 - 25-10-2023 *\/\n.elementor-slides .swiper-slide-bg{background-size:cover;background-position:50%;background-repeat:no-repeat;min-width:100%;min-height:100%}.elementor-slides .swiper-slide-inner{background-repeat:no-repeat;background-position:50%;position:absolute;top:0;left:0;bottom:0;right:0;padding:50px;margin:auto}.elementor-slides .swiper-slide-inner,.elementor-slides .swiper-slide-inner:hover{color:#fff;display:flex}.elementor-slides .swiper-slide-inner .elementor-background-overlay{position:absolute;z-index:0;top:0;bottom:0;left:0;right:0}.elementor-slides .swiper-slide-inner .elementor-slide-content{position:relative;z-index:1;width:100%}.elementor-slides .swiper-slide-inner .elementor-slide-heading{font-size:35px;font-weight:700;line-height:1}.elementor-slides .swiper-slide-inner .elementor-slide-description{font-size:17px;line-height:1.4}.elementor-slides .swiper-slide-inner .elementor-slide-description:not(:last-child),.elementor-slides .swiper-slide-inner .elementor-slide-heading:not(:last-child){margin-bottom:30px}.elementor-slides .swiper-slide-inner .elementor-slide-button{border:2px solid #fff;color:#fff;background:transparent;display:inline-block}.elementor-slides .swiper-slide-inner .elementor-slide-button,.elementor-slides .swiper-slide-inner .elementor-slide-button:hover{background:transparent;color:inherit;text-decoration:none}.elementor--v-position-top .swiper-slide-inner{align-items:flex-start}.elementor--v-position-bottom .swiper-slide-inner{align-items:flex-end}.elementor--v-position-middle .swiper-slide-inner{align-items:center}.elementor--h-position-left .swiper-slide-inner{justify-content:flex-start}.elementor--h-position-right .swiper-slide-inner{justify-content:flex-end}.elementor--h-position-center .swiper-slide-inner{justify-content:center}body.rtl .elementor-widget-slides .elementor-swiper-button-next{left:10px;right:auto}body.rtl .elementor-widget-slides .elementor-swiper-button-prev{right:10px;left:auto}.elementor-slides-wrapper div:not(.swiper-slide)>.swiper-slide-inner{display:none}@media (max-width:767px){.elementor-slides .swiper-slide-inner{padding:30px}.elementor-slides .swiper-slide-inner .elementor-slide-heading{font-size:23px;line-height:1;margin-bottom:15px}.elementor-slides .swiper-slide-inner .elementor-slide-description{font-size:13px;line-height:1.4;margin-bottom:15px}}<\/style>\t\t<div class=\"elementor-swiper\">\n\t\t\t<div class=\"elementor-slides-wrapper elementor-main-swiper swiper\" dir=\"ltr\" data-animation=\"fadeInUp\">\n\t\t\t\t<div class=\"swiper-wrapper elementor-slides\">\n\t\t\t\t\t\t\t\t\t\t<div class=\"elementor-repeater-item-fd19896 swiper-slide\"><div class=\"swiper-slide-bg\" role=\"img\"><\/div><div class=\"swiper-slide-inner\" ><div class=\"swiper-slide-contents\"><\/div><\/div><\/div><div class=\"elementor-repeater-item-3a99915 swiper-slide\"><div class=\"swiper-slide-bg\" role=\"img\"><\/div><div class=\"swiper-slide-inner\" ><div class=\"swiper-slide-contents\"><\/div><\/div><\/div><div class=\"elementor-repeater-item-d35dfa2 swiper-slide\"><div class=\"swiper-slide-bg\" role=\"img\"><\/div><div class=\"swiper-slide-inner\" ><div class=\"swiper-slide-contents\"><\/div><\/div><\/div>\t\t\t\t<\/div>\n\t\t\t\t\t\t\t\t\t\t\t\t\t\t\t<div class=\"swiper-pagination\"><\/div>\n\t\t\t\t\t\t\t\t\t\t\t\t\t\t\t\t<div class=\"elementor-swiper-button elementor-swiper-button-prev\" role=\"button\" tabindex=\"0\">\n\t\t\t\t\t\t\t<i aria-hidden=\"true\" class=\"eicon-chevron-left\"><\/i>\t\t\t\t\t\t\t<span class=\"elementor-screen-only\">Previous slide<\/span>\n\t\t\t\t\t\t<\/div>\n\t\t\t\t\t\t<div class=\"elementor-swiper-button elementor-swiper-button-next\" role=\"button\" tabindex=\"0\">\n\t\t\t\t\t\t\t<i aria-hidden=\"true\" class=\"eicon-chevron-right\"><\/i>\t\t\t\t\t\t\t<span class=\"elementor-screen-only\">Next slide<\/span>\n\t\t\t\t\t\t<\/div>\n\t\t\t\t\t\t\t\t\t\t\t\t<\/div>\n\t\t<\/div>\n\t\t\t\t<\/div>\n\t\t\t\t<\/div>\n\t\t\t\t<\/div>\n\t\t<div class=\"elementor-element elementor-element-915c3ad e-con-full e-flex e-con e-child\" data-id=\"915c3ad\" data-element_type=\"container\" data-settings=\"{&quot;content_width&quot;:&quot;full&quot;}\">\n\t\t\t\t<div class=\"elementor-element elementor-element-e41a887 elementor-widget elementor-widget-image\" data-id=\"e41a887\" data-element_type=\"widget\" data-widget_type=\"image.default\">\n\t\t\t\t<div class=\"elementor-widget-container\">\n\t\t\t<style>\/*! elementor - v3.17.0 - 25-10-2023 *\/\n.elementor-widget-image{text-align:center}.elementor-widget-image a{display:inline-block}.elementor-widget-image a img[src$=\".svg\"]{width:48px}.elementor-widget-image img{vertical-align:middle;display:inline-block}<\/style>\t\t\t\t\t\t\t\t\t\t\t\t<img fetchpriority=\"high\" fetchpriority=\"high\" decoding=\"async\" width=\"1024\" height=\"768\" src=\"https:\/\/fotoverein-goldener-schnitt.de\/wp-content\/uploads\/2023\/11\/IMG-20230419-WA0017-1536x1152-1-1024x768.jpg\" class=\"attachment-large size-large wp-image-192\" alt=\"\" srcset=\"https:\/\/fotoverein-goldener-schnitt.de\/wp-content\/uploads\/2023\/11\/IMG-20230419-WA0017-1536x1152-1-980x735.jpg 980w, https:\/\/fotoverein-goldener-schnitt.de\/wp-content\/uploads\/2023\/11\/IMG-20230419-WA0017-1536x1152-1-480x360.jpg 480w\" sizes=\"(min-width: 0px) and (max-width: 480px) 480px, (min-width: 481px) and (max-width: 980px) 980px, (min-width: 981px) 1024px, 100vw\" \/>\t\t\t\t\t\t\t\t\t\t\t\t\t\t\t<\/div>\n\t\t\t\t<\/div>\n\t\t\t\t<\/div>\n\t\t<div class=\"elementor-element elementor-element-077238b e-con-full e-flex e-con e-child\" data-id=\"077238b\" data-element_type=\"container\" data-settings=\"{&quot;content_width&quot;:&quot;full&quot;}\">\n\t\t\t\t<div class=\"elementor-element elementor-element-40d2df0 elementor-widget elementor-widget-text-editor\" data-id=\"40d2df0\" data-element_type=\"widget\" data-widget_type=\"text-editor.default\">\n\t\t\t\t<div class=\"elementor-widget-container\">\n\t\t\t\t\t\t\t<p>Schlie\u00dfe dich uns an, um an regelm\u00e4\u00dfigen Workshops, Ausstellungen und Wettbewerben teilzunehmen. Unser Ziel ist es, eine lebendige Community aufzubauen, die sich gegenseitig motiviert und unterst\u00fctzt.<\/p>\n<p>Wenn du deine Leidenschaft f\u00fcr Fotografie mit Gleichgesinnten teilen m\u00f6chtest, z\u00f6gere nicht, uns beizutreten! Wir hei\u00dfen jeden herzlich willkommen, der die Welt der Fotografie entdecken m\u00f6chte.<\/p>\n<p>Kontaktiere uns noch heute, um mehr \u00fcber unseren Fotoverein zu erfahren und Mitglied zu werden. Wir freuen uns darauf, dich in unserer Community willkommen zu hei\u00dfen!<\/p>\t\t\t\t\t\t<\/div>\n\t\t\t\t<\/div>\n\t\t\t\t<\/div>\n\t\t\t\t\t<\/div>\n\t\t\t\t<\/div>\n\t\t<div class=\"elementor-element elementor-element-8fe076c e-flex e-con-boxed e-con e-parent\" data-id=\"8fe076c\" data-element_type=\"container\" data-settings=\"{&quot;content_width&quot;:&quot;boxed&quot;}\" data-core-v316-plus=\"true\">\n\t\t\t\t\t<div class=\"e-con-inner\">\n\t\t\t\t<div class=\"elementor-element elementor-element-72d0d35 elementor-widget elementor-widget-wpforms\" data-id=\"72d0d35\" data-element_type=\"widget\" data-widget_type=\"wpforms.default\">\n\t\t\t\t<div class=\"elementor-widget-container\">\n\t\t\t<style id=\"wpforms-css-vars-root\">\n\t\t\t\t:root {\n\t\t\t\t\t--wpforms-field-border-radius: 3px;\n--wpforms-field-background-color: #ffffff;\n--wpforms-field-border-color: rgba( 0, 0, 0, 0.25 );\n--wpforms-field-text-color: rgba( 0, 0, 0, 0.7 );\n--wpforms-label-color: rgba( 0, 0, 0, 0.85 );\n--wpforms-label-sublabel-color: rgba( 0, 0, 0, 0.55 );\n--wpforms-label-error-color: #d63637;\n--wpforms-button-border-radius: 3px;\n--wpforms-button-background-color: #066aab;\n--wpforms-button-text-color: #ffffff;\n--wpforms-field-size-input-height: 43px;\n--wpforms-field-size-input-spacing: 15px;\n--wpforms-field-size-font-size: 16px;\n--wpforms-field-size-line-height: 19px;\n--wpforms-field-size-padding-h: 14px;\n--wpforms-field-size-checkbox-size: 16px;\n--wpforms-field-size-sublabel-spacing: 5px;\n--wpforms-field-size-icon-size: 1;\n--wpforms-label-size-font-size: 16px;\n--wpforms-label-size-line-height: 19px;\n--wpforms-label-size-sublabel-font-size: 14px;\n--wpforms-label-size-sublabel-line-height: 17px;\n--wpforms-button-size-font-size: 17px;\n--wpforms-button-size-height: 41px;\n--wpforms-button-size-padding-h: 15px;\n--wpforms-button-size-margin-top: 10px;\n\n\t\t\t\t}\n\t\t\t<\/style><style id=\"wpforms-css-vars-elementor-widget-72d0d35\">\n\t\t\t\t.elementor-widget-wpforms.elementor-element-72d0d35 {\n\t\t\t\t\t--wpforms-field-size-input-height: 43px;\n--wpforms-field-size-input-spacing: 15px;\n--wpforms-field-size-font-size: 16px;\n--wpforms-field-size-line-height: 19px;\n--wpforms-field-size-padding-h: 14px;\n--wpforms-field-size-checkbox-size: 16px;\n--wpforms-field-size-sublabel-spacing: 5px;\n--wpforms-field-size-icon-size: 1;\n--wpforms-label-size-font-size: 16px;\n--wpforms-label-size-line-height: 19px;\n--wpforms-label-size-sublabel-font-size: 14px;\n--wpforms-label-size-sublabel-line-height: 17px;\n--wpforms-button-size-font-size: 17px;\n--wpforms-button-size-height: 41px;\n--wpforms-button-size-padding-h: 15px;\n--wpforms-button-size-margin-top: 10px;\n\n\t\t\t\t}\n\t\t\t<\/style><div class=\"wpforms-container wpforms-container-full wpforms-render-modern\" id=\"wpforms-278\"><form id=\"wpforms-form-278\" class=\"wpforms-validate wpforms-form wpforms-ajax-form\" data-formid=\"278\" method=\"post\" enctype=\"multipart\/form-data\" action=\"\/index.php?rest_route=%2Fwp%2Fv2%2Fpages%2F84\" data-token=\"d9213fd9106eecd7d77f219d616f5a0b\"><noscript class=\"wpforms-error-noscript\">Bitte aktiviere JavaScript in deinem Browser, um dieses Formular fertigzustellen.<\/noscript><div class=\"wpforms-hidden\" id=\"wpforms-error-noscript\">Bitte aktiviere JavaScript in deinem Browser, um dieses Formular fertigzustellen.<\/div><div class=\"wpforms-field-container\"><div id=\"wpforms-278-field_0-container\" class=\"wpforms-field wpforms-field-name\" data-field-id=\"0\"><fieldset><legend class=\"wpforms-field-label\">Name <span class=\"wpforms-required-label\" aria-hidden=\"true\">*<\/span><\/legend><div class=\"wpforms-field-row wpforms-field-large\"><div class=\"wpforms-field-row-block wpforms-first wpforms-one-half\"><input type=\"text\" id=\"wpforms-278-field_0\" class=\"wpforms-field-name-first wpforms-field-required\" name=\"wpforms[fields][0][first]\" aria-errormessage=\"wpforms-278-field_0-error\" required><label for=\"wpforms-278-field_0\" class=\"wpforms-field-sublabel after \">Vorname<\/label><\/div><div class=\"wpforms-field-row-block wpforms-one-half\"><input type=\"text\" id=\"wpforms-278-field_0-last\" class=\"wpforms-field-name-last wpforms-field-required\" name=\"wpforms[fields][0][last]\" aria-errormessage=\"wpforms-278-field_0-last-error\" required><label for=\"wpforms-278-field_0-last\" class=\"wpforms-field-sublabel after \">Nachname<\/label><\/div><\/div><\/fieldset><\/div><div id=\"wpforms-278-field_22-container\" class=\"wpforms-field wpforms-field-text\" data-field-id=\"22\"><label class=\"wpforms-field-label\" for=\"wpforms-278-field_22\">Geburtstag <span class=\"wpforms-required-label\" aria-hidden=\"true\">*<\/span><\/label><input type=\"text\" id=\"wpforms-278-field_22\" class=\"wpforms-field-medium wpforms-field-required\" name=\"wpforms[fields][22]\" placeholder=\"MM\/DD\/YYYY\" aria-errormessage=\"wpforms-278-field_22-error\" required><\/div><div id=\"wpforms-278-field_4-container\" class=\"wpforms-field wpforms-field-text\" data-field-id=\"4\"><label class=\"wpforms-field-label\" for=\"wpforms-278-field_4\">Wohnort<\/label><input type=\"text\" id=\"wpforms-278-field_4\" class=\"wpforms-field-medium\" name=\"wpforms[fields][4]\" aria-errormessage=\"wpforms-278-field_4-error\" ><\/div><div id=\"wpforms-278-field_29-container\" class=\"wpforms-field wpforms-field-email\" data-field-id=\"29\"><label class=\"wpforms-field-label\" for=\"wpforms-278-field_29\">E-Mail-Adresse <span class=\"wpforms-required-label\" aria-hidden=\"true\">*<\/span><\/label><input type=\"email\" id=\"wpforms-278-field_29\" class=\"wpforms-field-medium wpforms-field-required\" name=\"wpforms[fields][29]\" spellcheck=\"false\" aria-errormessage=\"wpforms-278-field_29-error\" required><\/div><div id=\"wpforms-278-field_23-container\" class=\"wpforms-field wpforms-field-text\" data-field-id=\"23\"><label class=\"wpforms-field-label\" for=\"wpforms-278-field_23\">Telefonnummer <span class=\"wpforms-required-label\" aria-hidden=\"true\">*<\/span><\/label><input type=\"text\" id=\"wpforms-278-field_23\" class=\"wpforms-field-medium wpforms-field-required\" name=\"wpforms[fields][23]\" aria-errormessage=\"wpforms-278-field_23-error\" required><\/div><div id=\"wpforms-278-field_7-container\" class=\"wpforms-field wpforms-field-checkbox\" data-field-id=\"7\"><fieldset><legend class=\"wpforms-field-label\">Seit wann Fotografierst du?<\/legend><ul id=\"wpforms-278-field_7\"><li class=\"choice-1 depth-1\"><input type=\"checkbox\" id=\"wpforms-278-field_7_1\" name=\"wpforms[fields][7][]\" value=\"Ich plane zu Starten\" aria-errormessage=\"wpforms-278-field_7_1-error\"  ><label class=\"wpforms-field-label-inline\" for=\"wpforms-278-field_7_1\">Ich plane zu Starten<\/label><\/li><li class=\"choice-9 depth-1\"><input type=\"checkbox\" id=\"wpforms-278-field_7_9\" name=\"wpforms[fields][7][]\" value=\"1-2 Jahre\" aria-errormessage=\"wpforms-278-field_7_9-error\"  ><label class=\"wpforms-field-label-inline\" for=\"wpforms-278-field_7_9\">1-2 Jahre<\/label><\/li><li class=\"choice-2 depth-1\"><input type=\"checkbox\" id=\"wpforms-278-field_7_2\" name=\"wpforms[fields][7][]\" value=\"2-5 Jahre\" aria-errormessage=\"wpforms-278-field_7_2-error\"  ><label class=\"wpforms-field-label-inline\" for=\"wpforms-278-field_7_2\">2-5 Jahre<\/label><\/li><li class=\"choice-12 depth-1\"><input type=\"checkbox\" id=\"wpforms-278-field_7_12\" name=\"wpforms[fields][7][]\" value=\"6-10 Jahre\" aria-errormessage=\"wpforms-278-field_7_12-error\"  ><label class=\"wpforms-field-label-inline\" for=\"wpforms-278-field_7_12\">6-10 Jahre<\/label><\/li><li class=\"choice-3 depth-1\"><input type=\"checkbox\" id=\"wpforms-278-field_7_3\" name=\"wpforms[fields][7][]\" value=\"10-15 Jahre\" aria-errormessage=\"wpforms-278-field_7_3-error\"  ><label class=\"wpforms-field-label-inline\" for=\"wpforms-278-field_7_3\">10-15 Jahre<\/label><\/li><li class=\"choice-13 depth-1\"><input type=\"checkbox\" id=\"wpforms-278-field_7_13\" name=\"wpforms[fields][7][]\" value=\"16 Jahre und l\u00e4nger\" aria-errormessage=\"wpforms-278-field_7_13-error\"  ><label class=\"wpforms-field-label-inline\" for=\"wpforms-278-field_7_13\">16 Jahre und l\u00e4nger<\/label><\/li><\/ul><\/fieldset><\/div><div id=\"wpforms-278-field_28-container\" class=\"wpforms-field wpforms-field-textarea\" data-field-id=\"28\"><label class=\"wpforms-field-label\" for=\"wpforms-278-field_28\">Nachricht<\/label><textarea id=\"wpforms-278-field_28\" class=\"wpforms-field-medium\" name=\"wpforms[fields][28]\" aria-errormessage=\"wpforms-278-field_28-error\" ><\/textarea><\/div><div id=\"wpforms-278-field_27-container\" class=\"wpforms-field wpforms-field-checkbox\" data-field-id=\"27\"><fieldset><legend class=\"wpforms-field-label\">Einverst\u00e4ndnis <span class=\"wpforms-required-label\" aria-hidden=\"true\">*<\/span><\/legend><ul id=\"wpforms-278-field_27\" class=\"wpforms-field-required\"><li class=\"choice-1 depth-1\"><input type=\"checkbox\" id=\"wpforms-278-field_27_1\" name=\"wpforms[fields][27][]\" value=\"Ich bin damit einverstanden, dass meine personenbezogenen Daten zum Zweck der internen Datenverarbeitung des Fotoverein Goldenen Schnitt e.V. elektronisch gespeichert werden. Der Verein gew\u00e4hrleistet, dass die personenbezogenen Daten nicht an Dritte weitergegeben werden. Die gesetzlichen Datenschutzbestimmungen werden eingehalten.\" aria-errormessage=\"wpforms-278-field_27_1-error\" required ><label class=\"wpforms-field-label-inline\" for=\"wpforms-278-field_27_1\">Ich bin damit einverstanden, dass meine personenbezogenen Daten zum Zweck der internen Datenverarbeitung des Fotoverein Goldenen Schnitt e.V. elektronisch gespeichert werden. Der Verein gew\u00e4hrleistet, dass die personenbezogenen Daten nicht an Dritte weitergegeben werden. Die gesetzlichen Datenschutzbestimmungen werden eingehalten.<\/label><\/li><\/ul><\/fieldset><\/div><\/div><!-- .wpforms-field-container --><div class=\"wpforms-submit-container\" ><input type=\"hidden\" name=\"wpforms[id]\" value=\"278\"><input type=\"hidden\" name=\"wpforms[author]\" value=\"1\"><button type=\"submit\" name=\"wpforms[submit]\" id=\"wpforms-submit-278\" class=\"wpforms-submit\" data-alt-text=\"Sending...\" data-submit-text=\"Absenden\" aria-live=\"assertive\" value=\"wpforms-submit\">Absenden<\/button><img decoding=\"async\" src=\"https:\/\/fotoverein-goldener-schnitt.de\/wp-content\/plugins\/wpforms-lite\/assets\/images\/submit-spin.svg\" class=\"wpforms-submit-spinner\" style=\"display: none;\" width=\"26\" height=\"26\" alt=\"Wird geladen\"><\/div><\/form><\/div>  <!-- .wpforms-container -->\t\t<\/div>\n\t\t\t\t<\/div>\n\t\t\t\t\t<\/div>\n\t\t\t\t<\/div>\n\t\t\t\t\t\t\t<\/div>\n\t\t","protected":false},"excerpt":{"rendered":"<p>Mach mit und werde Teil von Uns Hallo liebe Fotografie-Enthusiasten, Bist du leidenschaftlich daran interessiert, die Welt durch die Linse zu erfassen? Unser Fotoverein l\u00e4dt dich herzlich ein, Teil einer lebendigen Gemeinschaft von Gleichgesinnten zu werden. Hier kannst du deine Leidenschaft f\u00fcr Fotografie entfalten, dein Wissen teilen und von anderen lernen. Unsere Treffen bieten die [&hellip;]<\/p>\n","protected":false},"author":1,"featured_media":0,"parent":0,"menu_order":0,"comment_status":"closed","ping_status":"closed","template":"elementor_header_footer","meta":{"_et_pb_use_builder":"","_et_pb_old_content":"","_et_gb_content_width":"","footnotes":""},"class_list":["post-84","page","type-page","status-publish","hentry"],"_links":{"self":[{"href":"https:\/\/fotoverein-goldener-schnitt.de\/index.php?rest_route=\/wp\/v2\/pages\/84","targetHints":{"allow":["GET"]}}],"collection":[{"href":"https:\/\/fotoverein-goldener-schnitt.de\/index.php?rest_route=\/wp\/v2\/pages"}],"about":[{"href":"https:\/\/fotoverein-goldener-schnitt.de\/index.php?rest_route=\/wp\/v2\/types\/page"}],"author":[{"embeddable":true,"href":"https:\/\/fotoverein-goldener-schnitt.de\/index.php?rest_route=\/wp\/v2\/users\/1"}],"replies":[{"embeddable":true,"href":"https:\/\/fotoverein-goldener-schnitt.de\/index.php?rest_route=%2Fwp%2Fv2%2Fcomments&post=84"}],"version-history":[{"count":10,"href":"https:\/\/fotoverein-goldener-schnitt.de\/index.php?rest_route=\/wp\/v2\/pages\/84\/revisions"}],"predecessor-version":[{"id":531,"href":"https:\/\/fotoverein-goldener-schnitt.de\/index.php?rest_route=\/wp\/v2\/pages\/84\/revisions\/531"}],"wp:attachment":[{"href":"https:\/\/fotoverein-goldener-schnitt.de\/index.php?rest_route=%2Fwp%2Fv2%2Fmedia&parent=84"}],"curies":[{"name":"wp","href":"https:\/\/api.w.org\/{rel}","templated":true}]}}